{"id":1285,"date":"2023-06-01T16:33:27","date_gmt":"2023-06-01T14:33:27","guid":{"rendered":"https:\/\/www.betaimages.de\/stiftung\/?page_id=1285"},"modified":"2023-06-27T11:17:41","modified_gmt":"2023-06-27T09:17:41","slug":"platzregeln","status":"publish","type":"page","link":"http:\/\/www.betaimages.de\/golfpw\/platzregeln\/","title":{"rendered":"platzregeln"},"content":{"rendered":"[vc_row][vc_column]<figure class=\"vcex-image vcex-module wpex-clr\"><div class=\"vcex-image-inner wpex-relative wpex-inline-block\"><img decoding=\"async\" width=\"1920\" height=\"560\" src=\"http:\/\/www.betaimages.de\/golfpw\/wp-content\/uploads\/2023\/06\/header-gp2.jpg\" class=\"wpex-align-middle\" alt=\"\" loading=\"lazy\" srcset=\"http:\/\/www.betaimages.de\/golfpw\/wp-content\/uploads\/2023\/06\/header-gp2.jpg 1920w, http:\/\/www.betaimages.de\/golfpw\/wp-content\/uploads\/2023\/06\/header-gp2-300x88.jpg 300w, http:\/\/www.betaimages.de\/golfpw\/wp-content\/uploads\/2023\/06\/header-gp2-1024x299.jpg 1024w, http:\/\/www.betaimages.de\/golfpw\/wp-content\/uploads\/2023\/06\/header-gp2-768x224.jpg 768w, http:\/\/www.betaimages.de\/golfpw\/wp-content\/uploads\/2023\/06\/header-gp2-1536x448.jpg 1536w\" sizes=\"auto, (max-width: 1920px) 100vw, 1920px\" \/><\/div><\/figure>[\/vc_column][vc_column]<div class=\"vcex-heading vcex-module wpex-text-2xl wpex-font-normal wpex-m-auto wpex-max-w-100 vcex-heading-plain wpex-block wpex-text-center vc_custom_1685630255885\"><span class=\"vcex-heading-inner wpex-inline-block wpex-clr\">Platzregeln<\/span><\/div>[\/vc_column][\/vc_row][vc_row][vc_column width=&#8220;5\/6&#8243; offset=&#8220;vc_col-lg-offset-2 vc_col-lg-8 vc_col-md-offset-1 vc_col-md-10 vc_col-sm-offset-1 vc_col-xs-offset-1 vc_col-xs-10&#8243;][vc_column_text]<strong>I. Ball im Aus (Regel 18.2)<\/strong><\/p>\n<ul>\n<li>Ausgrenzen sind durch wei\u00dfe Pfosten, Beschilderungen, wei\u00dfen Markierungen und\/oder Linien gekennzeichnet.<\/li>\n<li>Elektrische Wildz\u00e4une gelten ebenfalls als Kennzeichnungen der Ausgrenzen, sofern diese nicht in einer Penalty Area zu finden sind. Sollte der Stand oder Schwung durch einen elektrischen Zaun behindert sein, kann eine straffreie Erleichterung in Anspruch genommen werden.<\/li>\n<li>Ist der Ball an der Bahn 2 im Aus, so kann die Dropping-Zone mit 2 Strafschl\u00e4gen in Anspruch genommen werden.<\/li>\n<\/ul>\n<p><strong>II. Ungew\u00f6hnliche Platzverh\u00e4ltnisse (Regel 16.1)<\/strong><\/p>\n<ul>\n<li>Boden in Ausbesserung ist durch blaue Pf\u00e4hle und\/oder blaue Einkreisungen gekennzeichnet.<\/li>\n<li>Liegt der Ball eines Spielers in diesem Bereich, <u>muss<\/u> Regel 16.1b (Erleichterung f\u00fcr einen Ball im Gel\u00e4nde) angewandt werden<\/li>\n<li>Sch\u00e4den durch Tiere (Tierloch) oder Reparaturarbeiten sind Boden in Ausbesserung, es <u>kann<\/u> Regel 16.1b angewandt werden. Kann nicht angewendet werden, wenn nur der Stand des Spielers beeintr\u00e4chtigt wird (Ausnahme: Maulwurfh\u00fcgel)<\/li>\n<li>Drainagegr\u00e4ben sind auch ohne Kennzeichnung Boden in Ausbesserung<\/li>\n<\/ul>\n<p><strong>III. Unbewegliche Hemmnisse (Regel 16.1)<\/strong><\/p>\n<p>Straflose Erleichterung ist beifolgenden unbeweglichen Hemmnissen m\u00f6glich:<\/p>\n<ul>\n<li>befestigte Wege und k\u00fcnstliche Oberfl\u00e4chen (wie z.B. Pflastersteine, Kies\/Splitt, Br\u00fccken), sofern diese nicht im Aus liegen<\/li>\n<li>markierte Anpflanzungen und deren Hilfsmittel (z. B. Pf\u00e4hle und Manschetten)<\/li>\n<\/ul>\n<p><strong>IV. Spielverbotszonen (Regel 2.4)<\/strong><\/p>\n<ul>\n<li>Spielverbotszonen sind durch rote Pf\u00e4hle mit gr\u00fcnen K\u00f6pfen gekennzeichnet. Das Spielen aus einer Spielverbotszone ist untersagt.<\/li>\n<li>Es muss Erleichterung nach Regel 17.1e in Anspruch genommen werden. Beim Betreten und\/oder Spielen aus einer Spielverbotszone zieht sich der Spieler die Grundstrafe zu.<\/li>\n<\/ul>\n<p><strong>Versto\u00df gegen Regel 1 \u2013 4:<\/strong><\/p>\n<p><strong>Lochspiel \u2013 Lochverlust<\/strong><\/p>\n<p><strong>Z\u00e4hlspiel \u2013 Grundstrafe (2 Strafschl\u00e4ge), bzw. Disqualifikation (Bruch der Regel 4)<\/strong><\/p>\n<p>&nbsp;<\/p>\n<p><strong>V. Verhaltensvorschriften nach Regel 1.2b<\/strong><\/p>\n<ul>\n<li>Es ist nicht erlaubt mit Trolley oder Cart zwischen Bunker und Gr\u00fcn zu fahren.<\/li>\n<li>Es ist nicht erlaubt mit Trolley oder Cart auf das Vorgr\u00fcn zu fahren.<\/li>\n<li>Es sind keine Probeschw\u00fcnge auf den Abschl\u00e4gen erlaubt.<\/li>\n<li>Zigarettenreste sind in M\u00fclleimern auf dem Platz zu entsorgen.<\/li>\n<li>Pitchmarken sind auszubessern und Divots (sofern m\u00f6glich) zur\u00fcckzulegen.<\/li>\n<li>Den Aufforderungen der Marshals ist unverz\u00fcglich Folge zu leisten.<\/li>\n<li><strong>Bahn 16 ist kein Durchgangsweg von Bahn 7 zu Bahn 8. Es muss der daf\u00fcr vorgesehene Waldweg genutzt werden!<\/strong><\/li>\n<\/ul>\n<p><strong>Strafe bei Versto\u00df im freien Spiel: <\/strong><\/p>\n<p><strong>\u00a0\u00a0\u00a0\u00a0\u00a0\u00a0\u00a0\u00a0\u00a0\u00a0\u00a0\u00a0\u00a0\u00a0\u00a0\u00a0\u00a0\u00a0\u00a0\u00a0\u00a0\u00a0\u00a0\u00a0\u00a0\u00a0\u00a0\u00a0\u00a0\u00a0 Erster Versto\u00df \u2013 Verwarnung<\/strong><\/p>\n<p><strong>\u00a0\u00a0\u00a0\u00a0\u00a0\u00a0\u00a0\u00a0\u00a0\u00a0\u00a0\u00a0\u00a0\u00a0\u00a0\u00a0\u00a0\u00a0\u00a0\u00a0\u00a0\u00a0\u00a0\u00a0\u00a0\u00a0\u00a0\u00a0\u00a0\u00a0 Zweiter Versto\u00df \u2013 Platzverweis<\/strong><\/p>\n<p><strong>\u00a0\u00a0\u00a0\u00a0\u00a0\u00a0\u00a0\u00a0\u00a0\u00a0\u00a0\u00a0\u00a0\u00a0\u00a0\u00a0\u00a0\u00a0\u00a0\u00a0\u00a0\u00a0\u00a0\u00a0\u00a0\u00a0\u00a0\u00a0\u00a0\u00a0 Dritter Versto\u00df \u2013 Platzsperre<\/strong><\/p>\n<p><strong>\u00a0\u00a0\u00a0\u00a0\u00a0\u00a0\u00a0\u00a0\u00a0\u00a0\u00a0\u00a0\u00a0\u00a0\u00a0\u00a0\u00a0\u00a0\u00a0\u00a0\u00a0\u00a0\u00a0\u00a0\u00a0\u00a0\u00a0\u00a0\u00a0\u00a0 Vierter Versto\u00df \u2013 Platzsperre<\/strong><\/p>\n<p><strong>Versto\u00df im Turnier:<\/strong><\/p>\n<p><strong>\u00a0\u00a0\u00a0\u00a0\u00a0\u00a0\u00a0\u00a0\u00a0\u00a0\u00a0\u00a0\u00a0\u00a0\u00a0\u00a0\u00a0\u00a0\u00a0\u00a0\u00a0\u00a0\u00a0\u00a0\u00a0\u00a0\u00a0\u00a0\u00a0\u00a0 Erster Versto\u00df \u2013 Verwarnung<\/strong><\/p>\n<p><strong>\u00a0\u00a0\u00a0\u00a0\u00a0\u00a0\u00a0\u00a0\u00a0\u00a0\u00a0\u00a0\u00a0\u00a0\u00a0\u00a0\u00a0\u00a0\u00a0\u00a0\u00a0\u00a0\u00a0\u00a0\u00a0\u00a0\u00a0\u00a0\u00a0\u00a0 Zweiter Versto\u00df \u2013 1 Strafschlag<\/strong><\/p>\n<p><strong>\u00a0\u00a0\u00a0\u00a0\u00a0\u00a0\u00a0\u00a0\u00a0\u00a0\u00a0\u00a0\u00a0\u00a0\u00a0\u00a0\u00a0\u00a0\u00a0\u00a0\u00a0\u00a0\u00a0\u00a0\u00a0\u00a0\u00a0\u00a0\u00a0\u00a0 Dritter Versto\u00df \u2013 2 Strafschl\u00e4ge<\/strong><\/p>\n<p><strong>\u00a0\u00a0\u00a0\u00a0\u00a0\u00a0\u00a0\u00a0\u00a0\u00a0\u00a0\u00a0\u00a0\u00a0\u00a0\u00a0\u00a0\u00a0\u00a0\u00a0\u00a0\u00a0\u00a0\u00a0\u00a0\u00a0\u00a0\u00a0\u00a0\u00a0 Vierter Versto\u00df \u2013 Disqualifikation<\/strong><\/p>\n<p>&nbsp;<\/p>\n<p><strong>VI. Schwerwiegendes Fehlverhalten<\/strong><\/p>\n<ul>\n<li>Absichtlich Gr\u00fcns besch\u00e4digen (Schl\u00e4ger aufhauen, mit Cart befahren, usw.)<\/li>\n<li>Beleidigen, Beschimpfen oder Bedrohen von Spielern oder Zuschauern<\/li>\n<li>Gef\u00e4hrden oder Verletzen von Spielern oder Zuschauern<\/li>\n<li>Absichtliche Falschanwendung der Golfregeln oder unehrliches Spiel<\/li>\n<li>Jede Art von Markierungen versetzen (z. B. Abschlagsmarkierungen)<\/li>\n<\/ul>\n<p><strong>Strafe bei Versto\u00df im freien Spiel:<\/strong><\/p>\n<p><strong>\u00a0\u00a0\u00a0\u00a0\u00a0\u00a0\u00a0\u00a0\u00a0\u00a0\u00a0\u00a0\u00a0\u00a0\u00a0\u00a0\u00a0\u00a0\u00a0\u00a0\u00a0\u00a0\u00a0\u00a0\u00a0\u00a0\u00a0\u00a0\u00a0\u00a0 Platzsperre<\/strong><\/p>\n<p><strong>Strafe bei Versto\u00df im Turnier:<\/strong><\/p>\n<p><strong>\u00a0\u00a0\u00a0\u00a0\u00a0\u00a0\u00a0\u00a0\u00a0\u00a0\u00a0\u00a0\u00a0\u00a0\u00a0\u00a0\u00a0\u00a0\u00a0\u00a0\u00a0\u00a0\u00a0\u00a0\u00a0\u00a0\u00a0\u00a0\u00a0\u00a0 Disqualifikation und Platzsperre<\/strong><\/p>\n<p><strong>\u00a0<\/strong><\/p>\n<p><strong>Dauer der Platzsperre h\u00e4ngt vom Vergehen ab und wird von der Spielleitung und dem Sekretariat verh\u00e4ngt.<\/strong>[\/vc_column_text][\/vc_column][\/vc_row]\n","protected":false},"excerpt":{"rendered":"<p>[vc_row][vc_column][\/vc_column][vc_column][\/vc_column][\/vc_row][vc_row][vc_column width=&#8220;5\/6&#8243; offset=&#8220;vc_col-lg-offset-2 vc_col-lg-8 vc_col-md-offset-1 vc_col-md-10 vc_col-sm-offset-1 vc_col-xs-offset-1 vc_col-xs-10&#8243;][vc_column_text]I. Ball im Aus (Regel 18.2) Ausgrenzen sind durch wei\u00dfe Pfosten, Beschilderungen, wei\u00dfen Markierungen und\/oder Linien gekennzeichnet. Elektrische Wildz\u00e4une gelten ebenfalls als Kennzeichnungen der Ausgrenzen, sofern diese nicht in einer Penalty Area zu finden sind. Sollte der Stand oder Schwung durch einen elektrischen Zaun behindert sein, kann&hellip;<\/p>\n","protected":false},"author":1,"featured_media":0,"parent":0,"menu_order":0,"comment_status":"closed","ping_status":"closed","template":"","meta":{"footnotes":""},"class_list":["post-1285","page","type-page","status-publish","hentry","entry","no-media"],"_links":{"self":[{"href":"http:\/\/www.betaimages.de\/golfpw\/wp-json\/wp\/v2\/pages\/1285","targetHints":{"allow":["GET"]}}],"collection":[{"href":"http:\/\/www.betaimages.de\/golfpw\/wp-json\/wp\/v2\/pages"}],"about":[{"href":"http:\/\/www.betaimages.de\/golfpw\/wp-json\/wp\/v2\/types\/page"}],"author":[{"embeddable":true,"href":"http:\/\/www.betaimages.de\/golfpw\/wp-json\/wp\/v2\/users\/1"}],"replies":[{"embeddable":true,"href":"http:\/\/www.betaimages.de\/golfpw\/wp-json\/wp\/v2\/comments?post=1285"}],"version-history":[{"count":5,"href":"http:\/\/www.betaimages.de\/golfpw\/wp-json\/wp\/v2\/pages\/1285\/revisions"}],"predecessor-version":[{"id":1887,"href":"http:\/\/www.betaimages.de\/golfpw\/wp-json\/wp\/v2\/pages\/1285\/revisions\/1887"}],"wp:attachment":[{"href":"http:\/\/www.betaimages.de\/golfpw\/wp-json\/wp\/v2\/media?parent=1285"}],"curies":[{"name":"wp","href":"https:\/\/api.w.org\/{rel}","templated":true}]}}