{"id":793,"date":"2023-05-24T14:28:23","date_gmt":"2023-05-24T12:28:23","guid":{"rendered":"https:\/\/www.betaimages.de\/stiftung\/?page_id=793"},"modified":"2023-06-26T20:10:29","modified_gmt":"2023-06-26T18:10:29","slug":"palatina","status":"publish","type":"page","link":"http:\/\/www.betaimages.de\/golfpw\/palatina\/","title":{"rendered":"Restaurant Palatina"},"content":{"rendered":"[vc_row][vc_column][vc_single_image image=&#8220;1713&#8243; alignment=&#8220;center&#8220;][\/vc_column][\/vc_row][vc_row][vc_column][vc_column_text css=&#8220;.vc_custom_1687604810233{margin-right: 15% !important;margin-left: 15% !important;}&#8220; text_align=&#8220;center&#8220;]\n<h2 class=\"wp-block-heading has-text-align-center\">Herzlich willkommen im Restaurant Palatina!<\/h2>\n<p>&nbsp;<\/p>\n<div class=\"wp-block-image is-style-rounded\">\n<figure class=\"aligncenter size-large is-resized\"><img loading=\"lazy\" decoding=\"async\" class=\"wp-image-1597 aligncenter\" src=\"http:\/\/www.betaimages.de\/golfpw\/wp-content\/uploads\/2023\/06\/Eingang-Restaurant-1024x682.jpg\" alt=\"\" width=\"512\" height=\"341\" srcset=\"http:\/\/www.betaimages.de\/golfpw\/wp-content\/uploads\/2023\/06\/Eingang-Restaurant-1024x682.jpg 1024w, http:\/\/www.betaimages.de\/golfpw\/wp-content\/uploads\/2023\/06\/Eingang-Restaurant-300x200.jpg 300w, http:\/\/www.betaimages.de\/golfpw\/wp-content\/uploads\/2023\/06\/Eingang-Restaurant-768x512.jpg 768w, http:\/\/www.betaimages.de\/golfpw\/wp-content\/uploads\/2023\/06\/Eingang-Restaurant-1536x1024.jpg 1536w, http:\/\/www.betaimages.de\/golfpw\/wp-content\/uploads\/2023\/06\/Eingang-Restaurant.jpg 2000w\" sizes=\"auto, (max-width: 512px) 100vw, 512px\" \/><\/figure>\n<\/div>\n<p style=\"text-align: center;\">\u00a0Das Restaurant Palatina ist ein Ort, an dem kulinarische Gen\u00fcsse auf einzigartige Weise mit gem\u00fctlichem Ambiente verschmelzen. Unser Ziel ist es, Ihren Gaumen zu verw\u00f6hnen und Ihnen ein unvergessliches kulinarisches Erlebnis zu bieten.<\/p>\n<p style=\"text-align: center;\">Unser talentiertes Team von erfahrenen K\u00f6chen kombiniert traditionelle Rezepte mit modernen Einfl\u00fcssen, um Ihnen eine vielf\u00e4ltige Auswahl an erstklassigen Gerichten anzubieten. Von k\u00f6stlichen Vorspeisen bis hin zu exquisiten Hauptgerichten und verlockenden Desserts \u2013 unsere Speisekarte bietet f\u00fcr jeden Geschmack etwas Besonderes.<\/p>\n<p style=\"text-align: center;\">Bei uns dreht sich alles um Qualit\u00e4t. Wir verwenden nur frische, hochwertige Zutaten, um sicherzustellen, dass jede Mahlzeit, die wir servieren, perfekt ist. Unser engagiertes Personal legt gro\u00dfen Wert auf exzellenten Service und ist stets bem\u00fcht, Ihre W\u00fcnsche zu erf\u00fcllen und Ihnen einen unvergesslichen Abend zu bereiten.<\/p>\n<p style=\"text-align: center;\">Das Ambiente im Restaurant Palatina ist elegant und dennoch einladend. Egal, ob Sie einen romantischen Abend zu zweit, eine Feier mit Freunden, eine gesch\u00e4ftliche Veranstaltung oder aber eine Hochzeit planen \u2013 wir bieten den idealen Rahmen f\u00fcr jeden Anlass. Unser Personal wird daf\u00fcr sorgen, dass Sie sich bei uns rundum wohl f\u00fchlen.<\/p>\n<p style=\"text-align: center;\">Wir laden Sie herzlich ein, unsere Speisekarte zu erkunden, unsere Weinempfehlungen zu entdecken und sich von unserem charmanten Restaurant verzaubern zu lassen. Reservieren Sie noch heute Ihren Tisch.<\/p>\n<p style=\"text-align: center;\">Willkommen im Restaurant Palatina \u2013 wo gutes Essen und angenehme Gesellschaft aufeinandertreffen!<\/p>\n[\/vc_column_text][\/vc_column][\/vc_row][vc_row][vc_column width=&#8220;1\/2&#8243;][vc_column_text css=&#8220;.vc_custom_1687606224668{margin-top: 5% !important;margin-left: 15% !important;}&#8220;]\n<p style=\"text-align: right;\"><span style=\"font-size: 16px; color: #000000;\">Restaurant Palatina<\/span><br \/>\n<span style=\"font-size: 16px; color: #000000;\">Auf dem Aspen 60<\/span><br \/>\n<span style=\"font-size: 16px; color: #000000;\">67714 Waldfischbach-Burgalben<\/span><br \/>\n<span style=\"font-size: 16px; color: #000000;\">+49 (0)6333 9938264<br \/>\nrestaurant@golfplatz-pfaelzerwald.de<br \/>\n<\/span><\/p>\n[\/vc_column_text][\/vc_column][vc_column width=&#8220;1\/2&#8243;][vc_single_image image=&#8220;1705&#8243; img_size=&#8220;200&#215;200&#8243; css=&#8220;.vc_custom_1687607852568{margin-top: 2% !important;}&#8220;][\/vc_column][\/vc_row]\n","protected":false},"excerpt":{"rendered":"<p>[vc_row][vc_column][vc_single_image image=&#8220;1713&#8243; alignment=&#8220;center&#8220;][\/vc_column][\/vc_row][vc_row][vc_column][vc_column_text css=&#8220;.vc_custom_1687604810233{margin-right: 15% !important;margin-left: 15% !important;}&#8220; text_align=&#8220;center&#8220;] Herzlich willkommen im Restaurant Palatina! &nbsp; \u00a0Das Restaurant Palatina ist ein Ort, an dem kulinarische Gen\u00fcsse auf einzigartige Weise mit gem\u00fctlichem Ambiente verschmelzen. Unser Ziel ist es, Ihren Gaumen zu verw\u00f6hnen und Ihnen ein unvergessliches kulinarisches Erlebnis zu bieten. Unser talentiertes Team von erfahrenen K\u00f6chen kombiniert&hellip;<\/p>\n","protected":false},"author":1,"featured_media":0,"parent":0,"menu_order":0,"comment_status":"closed","ping_status":"closed","template":"","meta":{"footnotes":""},"class_list":["post-793","page","type-page","status-publish","hentry","entry","no-media"],"_links":{"self":[{"href":"http:\/\/www.betaimages.de\/golfpw\/wp-json\/wp\/v2\/pages\/793","targetHints":{"allow":["GET"]}}],"collection":[{"href":"http:\/\/www.betaimages.de\/golfpw\/wp-json\/wp\/v2\/pages"}],"about":[{"href":"http:\/\/www.betaimages.de\/golfpw\/wp-json\/wp\/v2\/types\/page"}],"author":[{"embeddable":true,"href":"http:\/\/www.betaimages.de\/golfpw\/wp-json\/wp\/v2\/users\/1"}],"replies":[{"embeddable":true,"href":"http:\/\/www.betaimages.de\/golfpw\/wp-json\/wp\/v2\/comments?post=793"}],"version-history":[{"count":37,"href":"http:\/\/www.betaimages.de\/golfpw\/wp-json\/wp\/v2\/pages\/793\/revisions"}],"predecessor-version":[{"id":1790,"href":"http:\/\/www.betaimages.de\/golfpw\/wp-json\/wp\/v2\/pages\/793\/revisions\/1790"}],"wp:attachment":[{"href":"http:\/\/www.betaimages.de\/golfpw\/wp-json\/wp\/v2\/media?parent=793"}],"curies":[{"name":"wp","href":"https:\/\/api.w.org\/{rel}","templated":true}]}}