{"id":795,"date":"2023-05-24T14:28:58","date_gmt":"2023-05-24T12:28:58","guid":{"rendered":"https:\/\/www.betaimages.de\/stiftung\/?page_id=795"},"modified":"2023-06-26T20:13:06","modified_gmt":"2023-06-26T18:13:06","slug":"mitglied-werden","status":"publish","type":"page","link":"http:\/\/www.betaimages.de\/golfpw\/mitglied-werden\/","title":{"rendered":"Mitglied werden"},"content":{"rendered":"[vc_row][vc_column]<figure class=\"vcex-image vcex-module wpex-clr textcenter\"><div class=\"vcex-image-inner wpex-relative wpex-inline-block\"><img decoding=\"async\" width=\"1920\" height=\"560\" src=\"http:\/\/www.betaimages.de\/golfpw\/wp-content\/uploads\/2023\/06\/header-gp17.jpg\" class=\"wpex-align-middle\" alt=\"\" loading=\"lazy\" srcset=\"http:\/\/www.betaimages.de\/golfpw\/wp-content\/uploads\/2023\/06\/header-gp17.jpg 1920w, http:\/\/www.betaimages.de\/golfpw\/wp-content\/uploads\/2023\/06\/header-gp17-300x88.jpg 300w, http:\/\/www.betaimages.de\/golfpw\/wp-content\/uploads\/2023\/06\/header-gp17-1024x299.jpg 1024w, http:\/\/www.betaimages.de\/golfpw\/wp-content\/uploads\/2023\/06\/header-gp17-768x224.jpg 768w, http:\/\/www.betaimages.de\/golfpw\/wp-content\/uploads\/2023\/06\/header-gp17-1536x448.jpg 1536w\" sizes=\"auto, (max-width: 1920px) 100vw, 1920px\" \/><\/div><\/figure>[\/vc_column][vc_column]<div class=\"vcex-heading vcex-module wpex-text-2xl wpex-font-normal wpex-m-auto wpex-max-w-100 vcex-heading-plain wpex-block wpex-text-center vc_custom_1685696734264\"><span class=\"vcex-heading-inner wpex-inline-block wpex-clr\">Mitglied werden<\/span><\/div>[\/vc_column][\/vc_row][vc_row][vc_column width=&#8220;5\/6&#8243; offset=&#8220;vc_col-lg-offset-2 vc_col-lg-8 vc_col-xs-offset-1 vc_col-xs-10&#8243;][vc_column_text text_align=&#8220;center&#8220;]\n<p style=\"text-align: center;\">Wir bieten verschiedene M\u00f6glichkeiten f\u00fcr Mitgliedschaften an.<br \/>\nBeim Erwerb einer Premium-Jahresmitgliedschaft haben Sie<br \/>\nSpielrecht auf allen Pl\u00e4tzen der\u00a0<a href=\"http:\/\/gutperle-golfcourses.de\/\" target=\"_blank\" rel=\"noopener noreferrer\"><u>Gutperle Golf Courses<\/u><\/a>.<br \/>\nSelbstverst\u00e4ndlich k\u00f6nnen Sie eine Mitgliedschaft auch nur f\u00fcr den Golfplatz Pf\u00e4lzerwald erwerben.<br \/>\nF\u00fcr Kinder, Jugendliche und Auszubildende bieten wir ebenfalls g\u00fcnstige Mitgliedschaftsformen an.<\/p>\n<p style=\"text-align: center;\">Selbstverst\u00e4ndlich beraten wir Sie gerne auch pers\u00f6nlich. Vereinbaren Sie einen Termin mit einem<br \/>\nMitarbeiter unserer Gesch\u00e4ftsstelle oder rufen Sie uns einfach an.<br \/>\nTel. +49(0)6333 279603<\/p>\n<p style=\"text-align: center;\"><strong>Werden Sie jetzt Mitglied auf dem Golfplatz Pf\u00e4lzerwald und erleben Sie Golf von seiner sch\u00f6nsten Seite.<\/strong><\/p>\n[\/vc_column_text]<div class=\"vcex-heading vcex-module wpex-text-2xl wpex-font-normal wpex-m-auto wpex-max-w-100 vcex-heading-plain wpex-block wpex-text-center vc_custom_1685696764558\" style=\"color:#166151;font-size:20px;\"><span class=\"vcex-heading-inner wpex-inline-block wpex-clr\">IHRE VORTEILE AUF EINEN BLICK<\/span><\/div>[\/vc_column][\/vc_row][vc_row][vc_column width=&#8220;5\/12&#8243; offset=&#8220;vc_col-lg-offset-2 vc_col-lg-4 vc_col-md-offset-1 vc_col-md-5 vc_col-sm-offset-1 vc_col-xs-offset-1 vc_col-xs-10&#8243;]<div class=\"vcex-module vcex-bullets vcex-bullets-ni bulletlist\">\n<ul>\n<li>\u00bb Freies Spiel auf dem 18- Loch Meisterschaftsplatz<br \/>\nGolfplatz Pf\u00e4lzerwald<\/li>\n<li>\u00bb Spielrecht auf dem 18- Loch Meisterschaftsplatz \u201eKurpfalz\u201c<br \/>\n(<strong>Golfpark Kurpfalz<\/strong>, Limburgerhof) (*)<\/li>\n<li>\u00bb Spielrecht auf dem anspruchsvollen 9-Loch-Kurzplatz \u201eRehh\u00fctte\u201c<br \/>\n(<strong>Golfpark Kurpfalz<\/strong>, Limburgerhof) (*)<\/li>\n<li>\u00bb Spielrecht auf dem 18-Loch-Platz im\u00a0<strong>GC Rheintal Oftersheim<\/strong>\u00a0(*)<\/li>\n<li>\u00bb Spielrecht auf dem 18-Loch-Platz im<br \/>\n<strong>Golfclub Heddesheim<\/strong> (*)<\/li>\n<li>\u00bb Professionelle Golflehrer mit internationaler Erfahrung und<br \/>\nindividuellen Trainingsangeboten<\/li>\n<li>\u00bb \u00dcbungsanlage mit Driving Range (teilweise \u00fcberdacht),<br \/>\n6-Loch-Kurzplatz, sowie Putting-, Pitching- und<br \/>\nChippinggr\u00fcns<\/li>\n<li>\u00bb Abwechslungsreiches Angebot an Wettspielen<\/li>\n<\/ul>\n<\/div>[\/vc_column][vc_column width=&#8220;5\/12&#8243; offset=&#8220;vc_col-lg-offset-0 vc_col-lg-4 vc_col-md-offset-0 vc_col-md-5 vc_col-sm-offset-0 vc_col-xs-offset-1 vc_col-xs-10&#8243;]<div class=\"vcex-module vcex-bullets vcex-bullets-ni bulletlist\">\n<ul>\n<li>\u00bb Verg\u00fcnstigtes Greenfee auf verschiedenen Partneranlagen<br \/>\n(mehr Infos auf\u00a0<a href=\"http:\/\/gutperle.com\/kooperationen\/\" target=\"_blank\" rel=\"noopener noreferrer\">www.gutperle.com<\/a>)<\/li>\n<li>\u00bb Erm\u00e4\u00dfigtes Greenfee-Kontingent (Bonuskarte) f\u00fcr G\u00e4ste<br \/>\nunserer Mitglieder (*)<\/li>\n<li>\u00bb Golf Shop Pf\u00e4lzerwald \u2013 das Fachgesch\u00e4ft f\u00fcr Schl\u00e4ger und<br \/>\nGolfmode<\/li>\n<li>\u00bb Hochwertige, abwechslungsreiche Gastronomie im clubeigenen Restaurant Palatina<\/li>\n<li>\u00bb Golfcarts<\/li>\n<li>\u00bb Elektrocaddyschr\u00e4nke, Einzelcaddyschr\u00e4nke\u00a0und<br \/>\nGarderobenschr\u00e4nke<\/li>\n<\/ul>\n<\/div>[\/vc_column][\/vc_row][vc_row][vc_column width=&#8220;5\/6&#8243; offset=&#8220;vc_col-lg-offset-2 vc_col-lg-8 vc_col-xs-offset-1 vc_col-xs-10&#8243;][vc_column_text text_align=&#8220;center&#8220; css=&#8220;.vc_custom_1687611241719{margin-top: 20px !important;margin-bottom: 20px !important;}&#8220;]\n<p style=\"text-align: center;\">(*) bei Erwerb einer Premium-Jahresmitgliedschaft<\/p>\n[\/vc_column_text][\/vc_column][\/vc_row][vc_row css=&#8220;.vc_custom_1685697002561{margin-top: 40px !important;}&#8220;][vc_column width=&#8220;5\/6&#8243; offset=&#8220;vc_col-lg-offset-2 vc_col-lg-8 vc_col-md-offset-1 vc_col-md-10 vc_col-sm-offset-1 vc_col-xs-12&#8243;]\n<table id=\"tablepress-2\" class=\"tablepress tablepress-id-2\">\n<thead>\n<tr class=\"row-1 odd\">\n\t<th class=\"column-1\">\u00dcBERSICHT Stand ab 01.01.2023<\/th><th class=\"column-2\"><\/th>\n<\/tr>\n<\/thead>\n<tbody>\n<tr class=\"row-2 even\">\n\t<td class=\"column-1\">SCHNUPPER-Jahresmitgliedschaft Premium<\/td><td class=\"column-2\"><\/td>\n<\/tr>\n<tr class=\"row-3 odd\">\n\t<td class=\"column-1\">inkl. Spielrecht auf allen Anlagen der Gutperle Golf Courses<\/td><td class=\"column-2\"><\/td>\n<\/tr>\n<tr class=\"row-4 even\">\n\t<td class=\"column-1\">einmalig buchbar f\u00fcr 1 Jahr (nach erfolgreichem Abschluss der 3-Monats-Aktion)<\/td><td class=\"column-2\"><\/td>\n<\/tr>\n<tr class=\"row-5 odd\">\n\t<td class=\"column-1\"><em>Nutzungsentgelt<\/em><\/td><td class=\"column-2\">80,00 \u20ac pro Monat<\/td>\n<\/tr>\n<tr class=\"row-6 even\">\n\t<td class=\"column-1\">Jahresmitgliedschaft Premium<\/td><td class=\"column-2\"><\/td>\n<\/tr>\n<tr class=\"row-7 odd\">\n\t<td class=\"column-1\">inkl. Spielrecht auf allen Anlagen der Gutperle Golf Courses<\/td><td class=\"column-2\"><\/td>\n<\/tr>\n<tr class=\"row-8 even\">\n\t<td class=\"column-1\"><em>Nutzungsentgelt<\/em><\/td><td class=\"column-2\">150,00 \u20ac pro Monat<\/td>\n<\/tr>\n<tr class=\"row-9 odd\">\n\t<td class=\"column-1\">Jahresmitgliedschaft Pf\u00e4lzerwald<\/td><td class=\"column-2\"><\/td>\n<\/tr>\n<tr class=\"row-10 even\">\n\t<td class=\"column-1\">Spielrecht nur auf dem Golfplatz Pf\u00e4lzerwald; wochentags 50% Greenfee-Erm\u00e4\u00dfigung auf den Gutperle Golf Courses<\/td><td class=\"column-2\"><\/td>\n<\/tr>\n<tr class=\"row-11 odd\">\n\t<td class=\"column-1\"><em>Nutzungsentgelt<\/em><\/td><td class=\"column-2\">140,00 \u20ac pro Monat<\/td>\n<\/tr>\n<tr class=\"row-12 even\">\n\t<td class=\"column-1\">Jahresmitgliedschaft Pf\u00e4lzerwald \"U39\"<\/td><td class=\"column-2\"><\/td>\n<\/tr>\n<tr class=\"row-13 odd\">\n\t<td class=\"column-1\">Spielrecht nur auf dem Golfplatz Pf\u00e4lzerwald<\/td><td class=\"column-2\"><\/td>\n<\/tr>\n<tr class=\"row-14 even\">\n\t<td class=\"column-1\">g\u00fcltig bis zur Vollendung des 39. Lebensjahres; wochentags 50% Greenfee-Erm\u00e4\u00dfigung auf den Gutperle Golf Courses<\/td><td class=\"column-2\"><\/td>\n<\/tr>\n<tr class=\"row-15 odd\">\n\t<td class=\"column-1\"><em>Nutzungsentgelt<\/em><\/td><td class=\"column-2\">115,00 \u20ac pro Monat<\/td>\n<\/tr>\n<tr class=\"row-16 even\">\n\t<td class=\"column-1\">Jahresmitgliedschaft \"U33\"<\/td><td class=\"column-2\"><\/td>\n<\/tr>\n<tr class=\"row-17 odd\">\n\t<td class=\"column-1\">Spielrecht nur auf dem Golfplatz Pf\u00e4lzerwald<\/td><td class=\"column-2\"><\/td>\n<\/tr>\n<tr class=\"row-18 even\">\n\t<td class=\"column-1\">g\u00fcltig bis zur Vollendung des 33. Lebensjahres; wochentags 50% Greenfee-Erm\u00e4\u00dfigung auf den Gutperle Golf Courses<\/td><td class=\"column-2\"><\/td>\n<\/tr>\n<tr class=\"row-19 odd\">\n\t<td class=\"column-1\"><em>Nutzungsentgelt<\/em><\/td><td class=\"column-2\">105,00 \u20ac pro Monat<\/td>\n<\/tr>\n<tr class=\"row-20 even\">\n\t<td class=\"column-1\">Kinder (bis Vollendung 13. Lebensjahres)<\/td><td class=\"column-2\"><\/td>\n<\/tr>\n<tr class=\"row-21 odd\">\n\t<td class=\"column-1\"><em>Nutzungsentgelt<\/em><\/td><td class=\"column-2\">50,00 \u20ac pro Jahr<\/td>\n<\/tr>\n<tr class=\"row-22 even\">\n\t<td class=\"column-1\">Kinder (14. - 18. Lebensjahr, mit einem Elternteil als Mitglied)<\/td><td class=\"column-2\"><\/td>\n<\/tr>\n<tr class=\"row-23 odd\">\n\t<td class=\"column-1\"><em>Nutzungsentgelt<\/em><\/td><td class=\"column-2\">175,00 \u20ac pro Jahr<\/td>\n<\/tr>\n<tr class=\"row-24 even\">\n\t<td class=\"column-1\">Kinder (14. - 18. Lebensjahr)<\/td><td class=\"column-2\"><\/td>\n<\/tr>\n<tr class=\"row-25 odd\">\n\t<td class=\"column-1\"><em>Nutzungsentgelt<\/em><\/td><td class=\"column-2\">250,00 \u20ac pro Jahr<\/td>\n<\/tr>\n<tr class=\"row-26 even\">\n\t<td class=\"column-1\">Jugendliche in Ausbildung (19. - max. 27. Lebensjahr); mit Spielrecht auf allen Anlagen der Gutperle Golf Courses<\/td><td class=\"column-2\"><\/td>\n<\/tr>\n<tr class=\"row-27 odd\">\n\t<td class=\"column-1\"><em>Nutzungsentgelt<\/em><\/td><td class=\"column-2\">40,00 \u20ac pro Monat<\/td>\n<\/tr>\n<tr class=\"row-28 even\">\n\t<td class=\"column-1\"><\/td><td class=\"column-2\"><\/td>\n<\/tr>\n<tr class=\"row-29 odd\">\n\t<td class=\"column-1\"><\/td><td class=\"column-2\"><\/td>\n<\/tr>\n<tr class=\"row-30 even\">\n\t<td class=\"column-1\"><\/td><td class=\"column-2\"><\/td>\n<\/tr>\n<tr class=\"row-31 odd\">\n\t<td class=\"column-1\">Weitere Geb\u00fchren<\/td><td class=\"column-2\"><\/td>\n<\/tr>\n<tr class=\"row-32 even\">\n\t<td class=\"column-1\">Garderobenschr\u00e4nke \/ Caddyschr\u00e4nke:<\/td><td class=\"column-2\"><\/td>\n<\/tr>\n<tr class=\"row-33 odd\">\n\t<td class=\"column-1\">Garderobenschrank<\/td><td class=\"column-2\">40,00 \u20ac pro Jahr<\/td>\n<\/tr>\n<tr class=\"row-34 even\">\n\t<td class=\"column-1\">Caddyschrank<\/td><td class=\"column-2\">100,00 \u20ac - 200,00 \u20ac pro Jahr<\/td>\n<\/tr>\n<tr class=\"row-35 odd\">\n\t<td class=\"column-1\">Elektro-Caddyschrank<\/td><td class=\"column-2\">160,00 \u20ac - 260,00 \u20ac pro Jahr<\/td>\n<\/tr>\n<tr class=\"row-36 even\">\n\t<td class=\"column-1\"><\/td><td class=\"column-2\"><\/td>\n<\/tr>\n<tr class=\"row-37 odd\">\n\t<td class=\"column-1\"><\/td><td class=\"column-2\"><\/td>\n<\/tr>\n<tr class=\"row-38 even\">\n\t<td class=\"column-1\"><\/td><td class=\"column-2\"><\/td>\n<\/tr>\n<tr class=\"row-39 odd\">\n\t<td class=\"column-1\">Sonstiges<\/td><td class=\"column-2\"><\/td>\n<\/tr>\n<tr class=\"row-40 even\">\n\t<td class=\"column-1\">Token f\u00fcr 20 Rangeb\u00e4lle (Mitglieder \/ G\u00e4ste)<\/td><td class=\"column-2\">1,50 \u20ac \/ 2,00 \u20ac<\/td>\n<\/tr>\n<tr class=\"row-41 odd\">\n\t<td class=\"column-1\">Ziehtrolley 18-Loch<\/td><td class=\"column-2\">5,00 \u20ac<\/td>\n<\/tr>\n<tr class=\"row-42 even\">\n\t<td class=\"column-1\">Golf Cart 18 Loch (Mitglieder \/ G\u00e4ste)<\/td><td class=\"column-2\">20,00 \u20ac \/ 35,00 \u20ac<\/td>\n<\/tr>\n<tr class=\"row-43 odd\">\n\t<td class=\"column-1\">Golf Cart 9 Loch (Mitglieder \/ G\u00e4ste)<\/td><td class=\"column-2\">10,00 \u20ac \/ 25,00 \u20ac<\/td>\n<\/tr>\n<tr class=\"row-44 even\">\n\t<td class=\"column-1\">Birdie Book<\/td><td class=\"column-2\">5,00 \u20ac<\/td>\n<\/tr>\n<tr class=\"row-45 odd\">\n\t<td class=\"column-1\">Logoball<\/td><td class=\"column-2\">4,00 \u20ac<\/td>\n<\/tr>\n<tr class=\"row-46 even\">\n\t<td class=\"column-1\">(alle Preise in EUR inkl. Mehrwertsteuer)<\/td><td class=\"column-2\"><\/td>\n<\/tr>\n<\/tbody>\n<\/table>\n<!-- #tablepress-2 from cache -->[vc_column_text text_align=&#8220;left&#8220;]\n<p style=\"text-align: left;\">Informationen hierzu erhalten Sie auch gerne in der Gesch\u00e4ftsstelle des Golfclubs.<\/p>\n<p>Unseren aktuellen Nutzungsvertrag k\u00f6nnen Sie <strong><a href=\"http:\/\/www.betaimages.de\/golfpw\/wp-content\/uploads\/2023\/06\/2023_02_GPP_Nutzungsvertrag_Versand.pdf\" target=\"_blank\" rel=\"noopener\">HIER<\/a><\/strong> herunterladen.[\/vc_column_text][\/vc_column][\/vc_row]\n","protected":false},"excerpt":{"rendered":"<p>[vc_row][vc_column][\/vc_column][vc_column][\/vc_column][\/vc_row][vc_row][vc_column width=&#8220;5\/6&#8243; offset=&#8220;vc_col-lg-offset-2 vc_col-lg-8 vc_col-xs-offset-1 vc_col-xs-10&#8243;][vc_column_text text_align=&#8220;center&#8220;] Wir bieten verschiedene M\u00f6glichkeiten f\u00fcr Mitgliedschaften an. Beim Erwerb einer Premium-Jahresmitgliedschaft haben Sie Spielrecht auf allen Pl\u00e4tzen der\u00a0Gutperle Golf Courses. Selbstverst\u00e4ndlich k\u00f6nnen Sie eine Mitgliedschaft auch nur f\u00fcr den Golfplatz Pf\u00e4lzerwald erwerben. F\u00fcr Kinder, Jugendliche und Auszubildende bieten wir ebenfalls g\u00fcnstige Mitgliedschaftsformen an. Selbstverst\u00e4ndlich beraten wir Sie gerne&hellip;<\/p>\n","protected":false},"author":1,"featured_media":0,"parent":0,"menu_order":0,"comment_status":"closed","ping_status":"closed","template":"","meta":{"footnotes":""},"class_list":["post-795","page","type-page","status-publish","hentry","entry","no-media"],"_links":{"self":[{"href":"http:\/\/www.betaimages.de\/golfpw\/wp-json\/wp\/v2\/pages\/795","targetHints":{"allow":["GET"]}}],"collection":[{"href":"http:\/\/www.betaimages.de\/golfpw\/wp-json\/wp\/v2\/pages"}],"about":[{"href":"http:\/\/www.betaimages.de\/golfpw\/wp-json\/wp\/v2\/types\/page"}],"author":[{"embeddable":true,"href":"http:\/\/www.betaimages.de\/golfpw\/wp-json\/wp\/v2\/users\/1"}],"replies":[{"embeddable":true,"href":"http:\/\/www.betaimages.de\/golfpw\/wp-json\/wp\/v2\/comments?post=795"}],"version-history":[{"count":8,"href":"http:\/\/www.betaimages.de\/golfpw\/wp-json\/wp\/v2\/pages\/795\/revisions"}],"predecessor-version":[{"id":1794,"href":"http:\/\/www.betaimages.de\/golfpw\/wp-json\/wp\/v2\/pages\/795\/revisions\/1794"}],"wp:attachment":[{"href":"http:\/\/www.betaimages.de\/golfpw\/wp-json\/wp\/v2\/media?parent=795"}],"curies":[{"name":"wp","href":"https:\/\/api.w.org\/{rel}","templated":true}]}}