{"id":808,"date":"2023-05-24T14:54:35","date_gmt":"2023-05-24T12:54:35","guid":{"rendered":"https:\/\/www.betaimages.de\/stiftung\/?page_id=808"},"modified":"2023-06-26T20:11:27","modified_gmt":"2023-06-26T18:11:27","slug":"greenfee-und-preisliste","status":"publish","type":"page","link":"http:\/\/www.betaimages.de\/golfpw\/greenfee-und-preisliste\/","title":{"rendered":"Greenfee und Preisliste"},"content":{"rendered":"[vc_row][vc_column]<figure class=\"vcex-image vcex-module wpex-clr textcenter\"><div class=\"vcex-image-inner wpex-relative wpex-inline-block\"><img decoding=\"async\" width=\"1920\" height=\"560\" src=\"http:\/\/www.betaimages.de\/golfpw\/wp-content\/uploads\/2023\/06\/header-gp15.jpg\" class=\"wpex-align-middle\" alt=\"\" loading=\"lazy\" srcset=\"http:\/\/www.betaimages.de\/golfpw\/wp-content\/uploads\/2023\/06\/header-gp15.jpg 1920w, http:\/\/www.betaimages.de\/golfpw\/wp-content\/uploads\/2023\/06\/header-gp15-300x88.jpg 300w, http:\/\/www.betaimages.de\/golfpw\/wp-content\/uploads\/2023\/06\/header-gp15-1024x299.jpg 1024w, http:\/\/www.betaimages.de\/golfpw\/wp-content\/uploads\/2023\/06\/header-gp15-768x224.jpg 768w, http:\/\/www.betaimages.de\/golfpw\/wp-content\/uploads\/2023\/06\/header-gp15-1536x448.jpg 1536w\" sizes=\"auto, (max-width: 1920px) 100vw, 1920px\" \/><\/div><\/figure>[\/vc_column][vc_column]<div class=\"vcex-heading vcex-module wpex-text-2xl wpex-font-normal wpex-m-auto wpex-max-w-100 vcex-heading-plain wpex-block wpex-text-center vc_custom_1685005500341\"><span class=\"vcex-heading-inner wpex-inline-block wpex-clr\">GREENFEE &amp; PREISLISTE<\/span><\/div><div class=\"vcex-heading vcex-module wpex-text-2xl wpex-font-normal wpex-m-auto wpex-max-w-100 vcex-heading-plain wpex-block wpex-text-center vc_custom_1685005516100\" style=\"color:#166151;font-size:20px;\"><span class=\"vcex-heading-inner wpex-inline-block wpex-clr\">IM FOLGENDEN FINDEN SIE EINE \u00dcBERSICHT \u00dcBER UNSER ANGEBOT<br \/>\nUND DIE AKTUELLEN PREISE F\u00dcR UNSERE G\u00c4STE.<\/span><\/div>[\/vc_column][\/vc_row][vc_row][vc_column width=&#8220;5\/6&#8243; offset=&#8220;vc_col-lg-offset-2 vc_col-lg-8 vc_col-md-offset-1 vc_col-md-10 vc_col-sm-offset-1 vc_col-xs-12&#8243;]\n<table id=\"tablepress-3\" class=\"tablepress tablepress-id-3\">\n<thead>\n<tr class=\"row-1 odd\">\n\t<th class=\"column-1\"><strong>Preisliste g\u00fcltig ab 01.01.2023<\/strong><br \/>\n<\/th><th class=\"column-2\"><\/th><th class=\"column-3\"><\/th><th class=\"column-4\"><\/th>\n<\/tr>\n<\/thead>\n<tbody class=\"row-hover\">\n<tr class=\"row-2 even\">\n\t<td class=\"column-1\"><p><\/td><td class=\"column-2\"><\/td><td class=\"column-3\"><\/td><td class=\"column-4\"><\/td>\n<\/tr>\n<tr class=\"row-3 odd\">\n\t<td class=\"column-1\"><strong>Greenfee 18 Loch<\/strong><\/td><td class=\"column-2\">wochentags<\/td><td class=\"column-3\">Wochenende + Feiertag<br \/>\n<\/td><td class=\"column-4\"><\/td>\n<\/tr>\n<tr class=\"row-4 even\">\n\t<td class=\"column-1\">Erwachsene<\/td><td class=\"column-2\">60,00 \u20ac<\/td><td class=\"column-3\">80,00 \u20ac<\/td><td class=\"column-4\"><\/td>\n<\/tr>\n<tr class=\"row-5 odd\">\n\t<td class=\"column-1\">Kinder \/ Jugendliche in Ausbildung (bis max. 27 Jahre)<\/td><td class=\"column-2\">30,00 \u20ac<\/td><td class=\"column-3\">40,00 \u20ac<\/td><td class=\"column-4\"><\/td>\n<\/tr>\n<tr class=\"row-6 even\">\n\t<td class=\"column-1\"><p><\/td><td class=\"column-2\"><\/td><td class=\"column-3\"><\/td><td class=\"column-4\"><\/td>\n<\/tr>\n<tr class=\"row-7 odd\">\n\t<td class=\"column-1\"><strong>Greenfee 9 Loch<\/strong><\/td><td class=\"column-2\"><\/td><td class=\"column-3\"><\/td><td class=\"column-4\"><\/td>\n<\/tr>\n<tr class=\"row-8 even\">\n\t<td class=\"column-1\">Erwachsene<\/td><td class=\"column-2\">30,00 \u20ac<\/td><td class=\"column-3\">40,00 \u20ac<\/td><td class=\"column-4\"><\/td>\n<\/tr>\n<tr class=\"row-9 odd\">\n\t<td class=\"column-1\">Kinder \/ Jugendliche in Ausbildung (bis max. 27 Jahre)<\/td><td class=\"column-2\">15,00 \u20ac<\/td><td class=\"column-3\">20,00 \u20ac<\/td><td class=\"column-4\"><\/td>\n<\/tr>\n<tr class=\"row-10 even\">\n\t<td class=\"column-1\"><p><\/td><td class=\"column-2\"><\/td><td class=\"column-3\"><\/td><td class=\"column-4\"><\/td>\n<\/tr>\n<tr class=\"row-11 odd\">\n\t<td class=\"column-1\"><strong>Weitere Geb\u00fchren<\/strong><\/td><td class=\"column-2\">Mitglieder<\/td><td class=\"column-3\">G\u00e4ste<\/td><td class=\"column-4\"><\/td>\n<\/tr>\n<tr class=\"row-12 even\">\n\t<td class=\"column-1\">Token f\u00fcr 20 Rangeb\u00e4lle<\/td><td class=\"column-2\">1,50 \u20ac<\/td><td class=\"column-3\">2,00 \u20ac<\/td><td class=\"column-4\"><\/td>\n<\/tr>\n<tr class=\"row-13 odd\">\n\t<td class=\"column-1\">Birdie Book<\/td><td class=\"column-2\">5,00 \u20ac<\/td><td class=\"column-3\">5,00 \u20ac<\/td><td class=\"column-4\"><\/td>\n<\/tr>\n<tr class=\"row-14 even\">\n\t<td class=\"column-1\">Golf Cart 18 Loch<\/td><td class=\"column-2\">25,00 \u20ac<\/td><td class=\"column-3\">35,00 \u20ac<\/td><td class=\"column-4\"><\/td>\n<\/tr>\n<tr class=\"row-15 odd\">\n\t<td class=\"column-1\">Golf Cart 9 Loch<\/td><td class=\"column-2\">15,00 \u20ac<\/td><td class=\"column-3\">20,00 \u20ac<\/td><td class=\"column-4\"><\/td>\n<\/tr>\n<tr class=\"row-16 even\">\n\t<td class=\"column-1\">Trolley 18-Loch-Platz<\/td><td class=\"column-2\">5,00 \u20ac<\/td><td class=\"column-3\">5,00 \u20ac<\/td><td class=\"column-4\"><\/td>\n<\/tr>\n<tr class=\"row-17 odd\">\n\t<td class=\"column-1\">Elektrotrolley 18-Loch-Platz<\/td><td class=\"column-2\">10,00 \u20ac<\/td><td class=\"column-3\">10,00 \u20ac<\/td><td class=\"column-4\"><\/td>\n<\/tr>\n<tr class=\"row-18 even\">\n\t<td class=\"column-1\">Halbsatz Leihschl\u00e4ger 18-Loch-Platz<\/td><td class=\"column-2\">10,00 \u20ac<\/td><td class=\"column-3\">10,00 \u20ac<\/td><td class=\"column-4\"><\/td>\n<\/tr>\n<tr class=\"row-19 odd\">\n\t<td class=\"column-1\">Halbsatz Leihschl\u00e4ger \u00dcbungsgel\u00e4nde<\/td><td class=\"column-2\">5,00 \u20ac<\/td><td class=\"column-3\">5,00 \u20ac<\/td><td class=\"column-4\"><\/td>\n<\/tr>\n<tr class=\"row-20 even\">\n\t<td class=\"column-1\">Kurzplatz Tagesticket<\/td><td class=\"column-2\">10,00 \u20ac<\/td><td class=\"column-3\">10,00 \u20ac<\/td><td class=\"column-4\"><\/td>\n<\/tr>\n<\/tbody>\n<\/table>\n<!-- #tablepress-3 from cache -->[vc_column_text](alle Preise in EUR inkl. Mehrwertsteuer)[\/vc_column_text][\/vc_column][\/vc_row][vc_row][vc_column][vc_column_text text_align=&#8220;center&#8220; css=&#8220;.vc_custom_1685087177904{margin-top: 40px !important;margin-bottom: 40px !important;}&#8220;]\n<p style=\"text-align: center;\">G\u00e4ste sind willkommen.<br \/>\nClubausweis mit eingetragenem Hcp ab &#8211; 54 erforderlich.<br \/>\nWir bitten um vorherige Startzeitenbuchung.<\/p>\n<p style=\"text-align: center;\">Auf der Anlage besteht Softspikes-Pflicht!<\/p>\n[\/vc_column_text][\/vc_column][\/vc_row]\n","protected":false},"excerpt":{"rendered":"<p>[vc_row][vc_column][\/vc_column][vc_column][\/vc_column][\/vc_row][vc_row][vc_column width=&#8220;5\/6&#8243; offset=&#8220;vc_col-lg-offset-2 vc_col-lg-8 vc_col-md-offset-1 vc_col-md-10 vc_col-sm-offset-1 vc_col-xs-12&#8243;][vc_column_text](alle Preise in EUR inkl. Mehrwertsteuer)[\/vc_column_text][\/vc_column][\/vc_row][vc_row][vc_column][vc_column_text text_align=&#8220;center&#8220; css=&#8220;.vc_custom_1685087177904{margin-top: 40px !important;margin-bottom: 40px !important;}&#8220;] G\u00e4ste sind willkommen. Clubausweis mit eingetragenem Hcp ab &#8211; 54 erforderlich. Wir bitten um vorherige Startzeitenbuchung. Auf der Anlage besteht Softspikes-Pflicht! [\/vc_column_text][\/vc_column][\/vc_row]<\/p>\n","protected":false},"author":1,"featured_media":0,"parent":0,"menu_order":0,"comment_status":"closed","ping_status":"closed","template":"","meta":{"footnotes":""},"class_list":["post-808","page","type-page","status-publish","hentry","entry","no-media"],"_links":{"self":[{"href":"http:\/\/www.betaimages.de\/golfpw\/wp-json\/wp\/v2\/pages\/808","targetHints":{"allow":["GET"]}}],"collection":[{"href":"http:\/\/www.betaimages.de\/golfpw\/wp-json\/wp\/v2\/pages"}],"about":[{"href":"http:\/\/www.betaimages.de\/golfpw\/wp-json\/wp\/v2\/types\/page"}],"author":[{"embeddable":true,"href":"http:\/\/www.betaimages.de\/golfpw\/wp-json\/wp\/v2\/users\/1"}],"replies":[{"embeddable":true,"href":"http:\/\/www.betaimages.de\/golfpw\/wp-json\/wp\/v2\/comments?post=808"}],"version-history":[{"count":9,"href":"http:\/\/www.betaimages.de\/golfpw\/wp-json\/wp\/v2\/pages\/808\/revisions"}],"predecessor-version":[{"id":1791,"href":"http:\/\/www.betaimages.de\/golfpw\/wp-json\/wp\/v2\/pages\/808\/revisions\/1791"}],"wp:attachment":[{"href":"http:\/\/www.betaimages.de\/golfpw\/wp-json\/wp\/v2\/media?parent=808"}],"curies":[{"name":"wp","href":"https:\/\/api.w.org\/{rel}","templated":true}]}}