{"id":1083,"date":"2023-05-26T13:57:45","date_gmt":"2023-05-26T11:57:45","guid":{"rendered":"https:\/\/www.betaimages.de\/stiftung\/?page_id=1083"},"modified":"2023-06-02T11:18:26","modified_gmt":"2023-06-02T09:18:26","slug":"golfland-rhein-neckar","status":"publish","type":"page","link":"http:\/\/www.betaimages.de\/stiftung\/golfland-rhein-neckar\/","title":{"rendered":"golfland-rhein-neckar"},"content":{"rendered":"[vc_row][vc_column]<figure class=\"vcex-image vcex-module wpex-clr\"><div class=\"vcex-image-inner wpex-relative wpex-inline-block\"><img decoding=\"async\" width=\"1920\" height=\"560\" src=\"http:\/\/www.betaimages.de\/stiftung\/wp-content\/uploads\/2023\/06\/9I1A6486-gaeste-golfland.jpg\" class=\"wpex-align-middle\" alt=\"\" loading=\"lazy\" srcset=\"http:\/\/www.betaimages.de\/stiftung\/wp-content\/uploads\/2023\/06\/9I1A6486-gaeste-golfland.jpg 1920w, http:\/\/www.betaimages.de\/stiftung\/wp-content\/uploads\/2023\/06\/9I1A6486-gaeste-golfland-300x88.jpg 300w, http:\/\/www.betaimages.de\/stiftung\/wp-content\/uploads\/2023\/06\/9I1A6486-gaeste-golfland-1024x299.jpg 1024w, http:\/\/www.betaimages.de\/stiftung\/wp-content\/uploads\/2023\/06\/9I1A6486-gaeste-golfland-768x224.jpg 768w, http:\/\/www.betaimages.de\/stiftung\/wp-content\/uploads\/2023\/06\/9I1A6486-gaeste-golfland-1536x448.jpg 1536w\" sizes=\"auto, (max-width: 1920px) 100vw, 1920px\" \/><\/div><\/figure>[\/vc_column][vc_column]<div class=\"vcex-heading vcex-module wpex-text-2xl wpex-font-normal wpex-m-auto wpex-max-w-100 vcex-heading-plain wpex-block wpex-text-center vc_custom_1685102394921\"><span class=\"vcex-heading-inner wpex-inline-block wpex-clr\">GOLFLAND RHEIN-NECKAR<\/span><\/div><div class=\"vcex-heading vcex-module wpex-text-2xl wpex-font-normal wpex-m-auto wpex-max-w-100 vcex-heading-plain wpex-block wpex-text-center vc_custom_1685102408407\" style=\"color:#166151;font-size:20px;\"><span class=\"vcex-heading-inner wpex-inline-block wpex-clr\">ENTDECKEN SIE DAS GOLFLAND RHEIN-NECKAR,<br \/>\nDAS GR\u00d6SSTE GOLFPARADIES IN DEUTSCHLAND<\/span><\/div>[\/vc_column][\/vc_row][vc_row][vc_column width=&#8220;5\/6&#8243; offset=&#8220;vc_col-lg-offset-2 vc_col-lg-8 vc_col-md-offset-1 vc_col-md-10 vc_col-sm-offset-1 vc_col-xs-offset-1 vc_col-xs-10&#8243;]<figure class=\"vcex-image vcex-module wpex-clr textcenter\"><div class=\"vcex-image-inner wpex-relative wpex-inline-block vc_custom_1685697502964\"><a href=\"http:\/\/www.golfland-rhein-neckar.de\/\" target=\"_blank\" rel=\"noopener noreferrer\"><img decoding=\"async\" width=\"251\" height=\"85\" src=\"http:\/\/www.betaimages.de\/stiftung\/wp-content\/uploads\/2023\/06\/logorhein.jpg\" class=\"wpex-align-middle\" alt=\"\" loading=\"lazy\" \/><\/a><\/div><\/figure>[vc_column_text]<strong>Golfland Rhein-Neckar<\/strong><\/p>\n<p>Dank der Kooperation von 10 traumhaften Golfpl\u00e4tzen (darunter auch der GC Heddesheim), 9 Hotels und einem betreuenden Reiseb\u00fcro\u00a0 kann Ihre pers\u00f6nliche Golfreise ins Golfland Rhein-Neckar nach Ihren ganz individuellen Vorlieben f\u00fcr Sie zusammengestellt werden.<br \/>\nOb Wochenendtrip mit Partner, Kurzurlaub unter Freunden oder Captains Golfreise \u2013 es erwarten Sie neun hervorragende und sportlich anspruchsvolle Golfanlagen, zahlreiche attraktive Golfhotels, eine herrliche Landschaft und kulturelle Highlights.<br \/>\nProfitieren Sie von unserem Know-how und der GLRN-Bestpreisgarantie. Unser Team steht Ihnen f\u00fcr Buchungen sowie f\u00fcr alle Fragen und W\u00fcnsche zu Ihrer Golfreise gerne zur Verf\u00fcgung.<\/p>\n<p>Weitere Informationen finden Sie auf der Webseite\u00a0<a href=\"http:\/\/www.golfland-rhein-neckar.de\/\" target=\"_blank\" rel=\"noopener noreferrer\">www.glrn.de<\/a><br \/>\noder melden Sie sich telefonisch in unserer Gesch\u00e4ftstelle unter\u00a0<u><strong>06204\/9769<\/strong><\/u><u><\/u><u><strong>0<\/strong><\/u>.[\/vc_column_text]<figure class=\"vcex-image vcex-module wpex-clr textcenter\"><div class=\"vcex-image-inner wpex-relative wpex-inline-block vc_custom_1685697445014\"><img decoding=\"async\" width=\"1200\" height=\"500\" src=\"http:\/\/www.betaimages.de\/stiftung\/wp-content\/uploads\/2023\/06\/golfland-rheinneckar.jpg\" class=\"wpex-align-middle\" alt=\"\" loading=\"lazy\" srcset=\"http:\/\/www.betaimages.de\/stiftung\/wp-content\/uploads\/2023\/06\/golfland-rheinneckar.jpg 1200w, http:\/\/www.betaimages.de\/stiftung\/wp-content\/uploads\/2023\/06\/golfland-rheinneckar-300x125.jpg 300w, http:\/\/www.betaimages.de\/stiftung\/wp-content\/uploads\/2023\/06\/golfland-rheinneckar-1024x427.jpg 1024w, http:\/\/www.betaimages.de\/stiftung\/wp-content\/uploads\/2023\/06\/golfland-rheinneckar-768x320.jpg 768w\" sizes=\"auto, (max-width: 1200px) 100vw, 1200px\" \/><\/div><\/figure>[\/vc_column][\/vc_row]\n","protected":false},"excerpt":{"rendered":"<p>[vc_row][vc_column][\/vc_column][vc_column][\/vc_column][\/vc_row][vc_row][vc_column width=&#8220;5\/6&#8243; offset=&#8220;vc_col-lg-offset-2 vc_col-lg-8 vc_col-md-offset-1 vc_col-md-10 vc_col-sm-offset-1 vc_col-xs-offset-1 vc_col-xs-10&#8243;][vc_column_text]Golfland Rhein-Neckar Dank der Kooperation von 10 traumhaften Golfpl\u00e4tzen (darunter auch der GC Heddesheim), 9 Hotels und einem betreuenden Reiseb\u00fcro\u00a0 kann Ihre pers\u00f6nliche Golfreise ins Golfland Rhein-Neckar nach Ihren ganz individuellen Vorlieben f\u00fcr Sie zusammengestellt werden. Ob Wochenendtrip mit Partner, Kurzurlaub unter Freunden oder Captains Golfreise \u2013&hellip;<\/p>\n","protected":false},"author":1,"featured_media":0,"parent":0,"menu_order":0,"comment_status":"closed","ping_status":"closed","template":"","meta":{"footnotes":""},"class_list":["post-1083","page","type-page","status-publish","hentry","entry","no-media"],"_links":{"self":[{"href":"http:\/\/www.betaimages.de\/stiftung\/wp-json\/wp\/v2\/pages\/1083","targetHints":{"allow":["GET"]}}],"collection":[{"href":"http:\/\/www.betaimages.de\/stiftung\/wp-json\/wp\/v2\/pages"}],"about":[{"href":"http:\/\/www.betaimages.de\/stiftung\/wp-json\/wp\/v2\/types\/page"}],"author":[{"embeddable":true,"href":"http:\/\/www.betaimages.de\/stiftung\/wp-json\/wp\/v2\/users\/1"}],"replies":[{"embeddable":true,"href":"http:\/\/www.betaimages.de\/stiftung\/wp-json\/wp\/v2\/comments?post=1083"}],"version-history":[{"count":4,"href":"http:\/\/www.betaimages.de\/stiftung\/wp-json\/wp\/v2\/pages\/1083\/revisions"}],"predecessor-version":[{"id":1478,"href":"http:\/\/www.betaimages.de\/stiftung\/wp-json\/wp\/v2\/pages\/1083\/revisions\/1478"}],"wp:attachment":[{"href":"http:\/\/www.betaimages.de\/stiftung\/wp-json\/wp\/v2\/media?parent=1083"}],"curies":[{"name":"wp","href":"https:\/\/api.w.org\/{rel}","templated":true}]}}