{"id":1290,"date":"2023-06-01T16:38:26","date_gmt":"2023-06-01T14:38:26","guid":{"rendered":"https:\/\/www.betaimages.de\/stiftung\/?page_id=1290"},"modified":"2023-06-02T10:05:00","modified_gmt":"2023-06-02T08:05:00","slug":"etikette","status":"publish","type":"page","link":"http:\/\/www.betaimages.de\/stiftung\/etikette\/","title":{"rendered":"Etikette"},"content":{"rendered":"[vc_row][vc_column]<figure class=\"vcex-image vcex-module wpex-clr\"><div class=\"vcex-image-inner wpex-relative wpex-inline-block\"><img decoding=\"async\" width=\"1920\" height=\"475\" src=\"http:\/\/www.betaimages.de\/stiftung\/wp-content\/uploads\/2023\/06\/GC_HEDDESHEIM_webrelaunch_04_etikette_04-kopia.jpg\" class=\"wpex-align-middle\" alt=\"\" loading=\"lazy\" srcset=\"http:\/\/www.betaimages.de\/stiftung\/wp-content\/uploads\/2023\/06\/GC_HEDDESHEIM_webrelaunch_04_etikette_04-kopia.jpg 1920w, http:\/\/www.betaimages.de\/stiftung\/wp-content\/uploads\/2023\/06\/GC_HEDDESHEIM_webrelaunch_04_etikette_04-kopia-300x74.jpg 300w, http:\/\/www.betaimages.de\/stiftung\/wp-content\/uploads\/2023\/06\/GC_HEDDESHEIM_webrelaunch_04_etikette_04-kopia-1024x253.jpg 1024w, http:\/\/www.betaimages.de\/stiftung\/wp-content\/uploads\/2023\/06\/GC_HEDDESHEIM_webrelaunch_04_etikette_04-kopia-768x190.jpg 768w, http:\/\/www.betaimages.de\/stiftung\/wp-content\/uploads\/2023\/06\/GC_HEDDESHEIM_webrelaunch_04_etikette_04-kopia-1536x380.jpg 1536w\" sizes=\"auto, (max-width: 1920px) 100vw, 1920px\" \/><\/div><\/figure>[\/vc_column][vc_column]<div class=\"vcex-heading vcex-module wpex-text-2xl wpex-font-normal wpex-m-auto wpex-max-w-100 vcex-heading-plain wpex-block wpex-text-center vc_custom_1685630369781\"><span class=\"vcex-heading-inner wpex-inline-block wpex-clr\">Etikette<\/span><\/div><div class=\"vcex-heading vcex-module wpex-text-2xl wpex-font-normal wpex-m-auto wpex-max-w-100 vcex-heading-plain wpex-block wpex-text-center vc_custom_1685630384741\" style=\"color:#166151;font-size:20px;\"><span class=\"vcex-heading-inner wpex-inline-block wpex-clr\">ETIKETTE- UND KLEIDERORDNUNG<\/span><\/div>[\/vc_column][\/vc_row][vc_row][vc_column width=&#8220;5\/6&#8243; offset=&#8220;vc_col-xs-offset-1&#8243;][vc_column_text text_align=&#8220;center&#8220;]\n<p style=\"text-align: center;\">KOPFBEDECKUNG<br \/>\nSchirmm\u00fctzen (Caps) m\u00fcssen mit der Spitze nach vorne getragen werden.<br \/>\nIm Clubhaus ist das Tragen von Caps grunds\u00e4tzlich nicht erw\u00fcnscht.<\/p>\n<p style=\"text-align: center;\">HERREN<br \/>\nGolfhemden m\u00fcssen einen Kragen bzw. einen Rollkragen und \u00c4rmel aufweisen.<br \/>\nDie Hemden sollten in der Hose getragen werden. Kragenlose Hemden, selbst die, die von bekannten<br \/>\nGolf-Herstellern gefertigt wurden, sowie T-Shirts aller Art sind nicht gestattet.<br \/>\nBlue Jeans und Hosen im Milit\u00e4rlook sind untersagt. Bermudashorts und andere kurze Hosen sollten bis zum Knie reichen.<\/p>\n<p style=\"text-align: center;\">DAMEN<br \/>\nBitte beachten Sie, dass einerseits kragenlose Hemden \u00fcber \u00c4rmel verf\u00fcgen m\u00fcssen und das andererseits \u00e4rmellose Hemden Kragen aufweisen m\u00fcssen. Der Ausschnitt muss ma\u00dfvoll sein. R\u00fcckenfreie Oberteile sind nicht erlaubt. Ebenso ist das Tragen von Blue Jeans, Hosen im Milit\u00e4rlook und Leggings untersagt. Hosen und Bermudashorts sowie Golfr\u00f6cke sind erlaubt.<\/p>\n<p style=\"text-align: center;\">SCHUHE<br \/>\nEs sind nur Golfschuhe mit Softspikes oder Noppen erlaubt.<br \/>\nDas Spielen ohne Schuhe (barfu\u00df) oder in Stra\u00dfenschuhen ist untersagt.<\/p>\n<p style=\"text-align: center;\">EINHALTUNG<br \/>\nDiese Verhaltensregeln gelten f\u00fcr alle Golfer und f\u00fcr deren Caddies. Bei Nichteinhaltung der Etikette- und Kleiderordnung wird ihnen der Zugang zu dem Golfplatz verwehrt.<\/p>\n<p style=\"text-align: center;\">Es wird ausdr\u00fccklich gew\u00fcnscht, dass diese Kleiderordnung auch auf den \u00dcbungseinrichtungen wie Driving Range,Kurzplatz, Pitch- und Chipping- sowie Putting Gr\u00fcn beachtet wird.<\/p>\n<p style=\"text-align: center;\">MOBILTELEFONE<br \/>\nBitte stellen Sie auf Ihrer privaten Golfrunde Ihr Mobiltelefon auf lautlos oder aktivieren Sie Ihren Vibrationsalarm,<br \/>\num andere Golfspieler in ihrer Konzentration nicht zu st\u00f6ren.<\/p>\n<p style=\"text-align: center;\">PARKPLATZ<br \/>\nDer Parkplatz dient ausschlie\u00dflich dem Abstellen der Autos.<br \/>\nEs ist nicht gestattet, sich auf dem Parkplatz, im oder vor dem Auto umzuziehen (Ausnahme Schuhe).<\/p>\n<p style=\"text-align: center;\">SIEGEREHRUNG<br \/>\nDie Anwesenheit bei Siegerehrungen ist eine Frage des sportlichen Verhaltens und des Respekts vor den Leistungen<br \/>\nder Mitbewerber. Deswegen bitten wir Sie, grunds\u00e4tzlich bei der Siegerehrung anwesend zu sein.<br \/>\nBei Abendveranstaltungen wird gebeten, sportlich elegante Garderobe zu tragen.<\/p>\n<p style=\"text-align: center;\">NUTZUNG DER DIVING RANGE, KURPFALZ, PITCH- UND CHIPPING &#8211; SOWIE PUTTING GR\u00dcN<br \/>\nDas Erlernen des Spiels und das laufende Training soll auf der daf\u00fcr vorgesehenen Driving Range, dem Kurzplatz,<br \/>\ndem Pitch- und Chipping- sowie dem Putting Gr\u00fcn erfolgen.<br \/>\nF\u00fcr das Bespielen der Driving Range sind ausschlie\u00dflich B\u00e4lle zu verwenden, die aus den Ballautomaten zu ziehen sind. Es ist verboten, Driving Rangeb\u00e4lle auf dem 18-Loch-Golfplatz zu spielen.<br \/>\nFerner sind alle entnommenen B\u00e4lle umgehend zu spielen und auf der Driving Range bzw. dem Pitching Gr\u00fcn zu belassen. Ein Lagern im Garderobenschrank oder zuhause ist nicht zul\u00e4ssig.<br \/>\nDas Bespielen des Kurzplatzes, des Pitch- und Chipping Gr\u00fcns sowie des Putting Gr\u00fcns mit Rangeb\u00e4llen ist untersagt.<br \/>\nDie Ballk\u00f6rbe sind nach Benutzung in die entsprechenden Halterungen zur\u00fcckzustellen.<br \/>\nDas Bespielen des Kurzplatzes ist ausschlie\u00dflich von den Abschl\u00e4gen Richtung des entsprechenden Gr\u00fcns gestattet. Querspielen, Bunker\u00fcbungen, Sandkastenspiele etc. sind ausdr\u00fccklich untersagt.<br \/>\nEs gelten auch auf dem Kurzplatz die gleichen Bestimmungen wie auf dem 18-Loch-Golfplatz<br \/>\n(Ausbessern der Pitchmarken, Spielen in Spielergruppen von max. 4 Personen).<br \/>\nAuf das Putting Gr\u00fcn darf aus max. 2 m Entfernung gechippt werden, sofern die aktuelle Nutzung des Gr\u00fcns dies erlaubt und keine Gefahr f\u00fcr andere \u00dcbende durch das Chippen entsteht.<br \/>\nW\u00e4hrend des Trainings mit einem Golf-Pro werden diese Regelungen teilweise au\u00dfer Kraft gesetzt.<br \/>\nDiese Trainingseinheiten sind dadurch gekennzeichnet, dass sie unter Aufsicht eines Golf-Pro\u2019s stattfinden und mit den gelben B\u00e4llen der Golfakademie gespielt werden.<\/p>\n<p style=\"text-align: center;\">UND LAST BUT NOT LEAST\u2026<br \/>\nEINE BITTE AN RAUCHERINEN UND RAUCHER:<br \/>\nBitte keine Zigarettenkippen ins Gel\u00e4nde oder auf die Spielbahnen werfen.<br \/>\nSandbunker sind keine Aschenbecher!<br \/>\nEntsorgen Sie die Zigarettenreste in den Abfalleimern bei den Tee-Boxen oder in den an Ihrem Golfbag<br \/>\nbefestigten Aschenbechern.<\/p>\n<p style=\"text-align: center;\">DIE ETIKETTE- und KLEIDERORDNUNG WIRD ZU JEDER ZEIT \u00dcBERWACHT UND UMGESETZT.<br \/>\nBerechtigte mit Ausweis aus Clubmanagement, Mitarbeiter der Gesch\u00e4ftsstelle, des Marshall-Teams und des Vorstandes des Golf Club Heddesheim Gut Neuzenhof sind angehalten, Personen, die sich nicht an die Vorschriften halten, gegebenenfalls der Golfanlage zu verweisen. Bitte vermeiden Sie deshalb im Interesse aller unangenehme Situationen.<br \/>\nAlle Mitglieder sind aufgefordert, diese Etikette- und Kleiderordnung zu leben und Zuwiderhandlungen den Zust\u00e4ndigen zu melden.[\/vc_column_text][\/vc_column][\/vc_row]\n","protected":false},"excerpt":{"rendered":"<p>[vc_row][vc_column][\/vc_column][vc_column][\/vc_column][\/vc_row][vc_row][vc_column width=&#8220;5\/6&#8243; offset=&#8220;vc_col-xs-offset-1&#8243;][vc_column_text text_align=&#8220;center&#8220;] KOPFBEDECKUNG Schirmm\u00fctzen (Caps) m\u00fcssen mit der Spitze nach vorne getragen werden. Im Clubhaus ist das Tragen von Caps grunds\u00e4tzlich nicht erw\u00fcnscht. HERREN Golfhemden m\u00fcssen einen Kragen bzw. einen Rollkragen und \u00c4rmel aufweisen. Die Hemden sollten in der Hose getragen werden. Kragenlose Hemden, selbst die, die von bekannten Golf-Herstellern gefertigt wurden, sowie&hellip;<\/p>\n","protected":false},"author":1,"featured_media":0,"parent":0,"menu_order":0,"comment_status":"closed","ping_status":"closed","template":"","meta":{"footnotes":""},"class_list":["post-1290","page","type-page","status-publish","hentry","entry","no-media"],"_links":{"self":[{"href":"http:\/\/www.betaimages.de\/stiftung\/wp-json\/wp\/v2\/pages\/1290","targetHints":{"allow":["GET"]}}],"collection":[{"href":"http:\/\/www.betaimages.de\/stiftung\/wp-json\/wp\/v2\/pages"}],"about":[{"href":"http:\/\/www.betaimages.de\/stiftung\/wp-json\/wp\/v2\/types\/page"}],"author":[{"embeddable":true,"href":"http:\/\/www.betaimages.de\/stiftung\/wp-json\/wp\/v2\/users\/1"}],"replies":[{"embeddable":true,"href":"http:\/\/www.betaimages.de\/stiftung\/wp-json\/wp\/v2\/comments?post=1290"}],"version-history":[{"count":5,"href":"http:\/\/www.betaimages.de\/stiftung\/wp-json\/wp\/v2\/pages\/1290\/revisions"}],"predecessor-version":[{"id":1436,"href":"http:\/\/www.betaimages.de\/stiftung\/wp-json\/wp\/v2\/pages\/1290\/revisions\/1436"}],"wp:attachment":[{"href":"http:\/\/www.betaimages.de\/stiftung\/wp-json\/wp\/v2\/media?parent=1290"}],"curies":[{"name":"wp","href":"https:\/\/api.w.org\/{rel}","templated":true}]}}