{"id":1296,"date":"2023-06-01T16:45:13","date_gmt":"2023-06-01T14:45:13","guid":{"rendered":"https:\/\/www.betaimages.de\/stiftung\/?page_id=1296"},"modified":"2023-06-02T10:08:33","modified_gmt":"2023-06-02T08:08:33","slug":"uebungsanlage","status":"publish","type":"page","link":"http:\/\/www.betaimages.de\/stiftung\/uebungsanlage\/","title":{"rendered":"\u00dcbungsanlage"},"content":{"rendered":"[vc_row][vc_column]<figure class=\"vcex-image vcex-module wpex-clr\"><div class=\"vcex-image-inner wpex-relative wpex-inline-block\"><img decoding=\"async\" width=\"1920\" height=\"475\" src=\"http:\/\/www.betaimages.de\/stiftung\/wp-content\/uploads\/2023\/06\/GC_HEDDESHEIM_webrelaunch_01_tunierkalender_01-kopia.jpg\" class=\"wpex-align-middle\" alt=\"\" loading=\"lazy\" srcset=\"http:\/\/www.betaimages.de\/stiftung\/wp-content\/uploads\/2023\/06\/GC_HEDDESHEIM_webrelaunch_01_tunierkalender_01-kopia.jpg 1920w, http:\/\/www.betaimages.de\/stiftung\/wp-content\/uploads\/2023\/06\/GC_HEDDESHEIM_webrelaunch_01_tunierkalender_01-kopia-300x74.jpg 300w, http:\/\/www.betaimages.de\/stiftung\/wp-content\/uploads\/2023\/06\/GC_HEDDESHEIM_webrelaunch_01_tunierkalender_01-kopia-1024x253.jpg 1024w, http:\/\/www.betaimages.de\/stiftung\/wp-content\/uploads\/2023\/06\/GC_HEDDESHEIM_webrelaunch_01_tunierkalender_01-kopia-768x190.jpg 768w, http:\/\/www.betaimages.de\/stiftung\/wp-content\/uploads\/2023\/06\/GC_HEDDESHEIM_webrelaunch_01_tunierkalender_01-kopia-1536x380.jpg 1536w\" sizes=\"auto, (max-width: 1920px) 100vw, 1920px\" \/><\/div><\/figure>[\/vc_column][vc_column width=&#8220;5\/6&#8243; offset=&#8220;vc_col-lg-offset-2 vc_col-lg-8 vc_col-xs-offset-1 vc_col-xs-10&#8243;]<div class=\"vcex-heading vcex-module wpex-text-2xl wpex-font-normal wpex-m-auto wpex-max-w-100 vcex-heading-plain wpex-block wpex-text-center vc_custom_1685631281686\"><span class=\"vcex-heading-inner wpex-inline-block wpex-clr\">\u00dcbungsanlagen<\/span><\/div><div class=\"vcex-heading vcex-module wpex-text-2xl wpex-font-normal wpex-m-auto wpex-max-w-100 vcex-heading-plain wpex-block wpex-text-left vc_custom_1685631375230\" style=\"color:#166151;font-size:20px;\"><span class=\"vcex-heading-inner wpex-inline-block wpex-clr\">Driving Range<\/span><\/div>[vc_column_text]Die Driving Range befindet sich in unmittelbarer N\u00e4he des Clubhauses und der Caddiehallen. Sie verf\u00fcgt \u00fcber insgesamt 38 Abschlagspl\u00e4tze. Davon befinden sich 25 unter freiem Himmel, die restlichen 13 sind \u00fcberdacht und \u00fcber 2 Stockwerke verteilt.<\/p>\n<p>Alle Boxen k\u00f6nnen im Winter beheizt werden. Die Driving Range ist au\u00dferdem mit Flutlicht ausgestattet.[\/vc_column_text]<figure class=\"vcex-image vcex-module wpex-clr\"><div class=\"vcex-image-inner wpex-relative wpex-inline-block vc_custom_1685693296939\"><img decoding=\"async\" width=\"1200\" height=\"500\" src=\"http:\/\/www.betaimages.de\/stiftung\/wp-content\/uploads\/2023\/06\/diving_range-1.jpg\" class=\"wpex-align-middle\" alt=\"\" loading=\"lazy\" srcset=\"http:\/\/www.betaimages.de\/stiftung\/wp-content\/uploads\/2023\/06\/diving_range-1.jpg 1200w, http:\/\/www.betaimages.de\/stiftung\/wp-content\/uploads\/2023\/06\/diving_range-1-300x125.jpg 300w, http:\/\/www.betaimages.de\/stiftung\/wp-content\/uploads\/2023\/06\/diving_range-1-1024x427.jpg 1024w, http:\/\/www.betaimages.de\/stiftung\/wp-content\/uploads\/2023\/06\/diving_range-1-768x320.jpg 768w\" sizes=\"auto, (max-width: 1200px) 100vw, 1200px\" \/><\/div><\/figure><div class=\"vcex-heading vcex-module wpex-text-2xl wpex-font-normal wpex-m-auto wpex-max-w-100 vcex-heading-plain wpex-block wpex-text-left vc_custom_1685631434774\" style=\"color:#166151;font-size:20px;\"><span class=\"vcex-heading-inner wpex-inline-block wpex-clr\">5-LOCH-KURZPLATZ<\/span><\/div>[vc_column_text]Der 5-Loch-Kurzplatz ist sowohl bei Einsteigern als auch Fortgeschrittenen sehr beliebt. Der Einsteiger sammelt hier erste Erfahrungen mit dem Golfspiel auf dem Platz, w\u00e4hrend der Fortgeschrittene sein kurzes Spiel und die Ann\u00e4herungen mit Sand- und Pitching-Wedge perfektionieren kann.<\/p>\n<p>Das Besondere: Die f\u00fcnf abwechslungsreichen Bahnen k\u00f6nnen auch ohne Platzreife bespielt werden und die Nutzung des Kurzplatzes ist im Rangefee inbegriffen.<\/p>\n<p>Neben der Driving Range und dem 5-Loch-Kurzplatz komplettieren Chipping- und Pitchinggr\u00fcns, \u00dcbungsbunker sowie Puttinggr\u00fcns die optimalen Trainingsbedingungen.[\/vc_column_text]<figure class=\"vcex-image vcex-module wpex-clr\"><div class=\"vcex-image-inner wpex-relative wpex-inline-block vc_custom_1685693308476\"><img decoding=\"async\" width=\"1200\" height=\"500\" src=\"http:\/\/www.betaimages.de\/stiftung\/wp-content\/uploads\/2023\/06\/DJI_0015-uebungsanlage-kurzplatz.jpg\" class=\"wpex-align-middle\" alt=\"\" loading=\"lazy\" srcset=\"http:\/\/www.betaimages.de\/stiftung\/wp-content\/uploads\/2023\/06\/DJI_0015-uebungsanlage-kurzplatz.jpg 1200w, http:\/\/www.betaimages.de\/stiftung\/wp-content\/uploads\/2023\/06\/DJI_0015-uebungsanlage-kurzplatz-300x125.jpg 300w, http:\/\/www.betaimages.de\/stiftung\/wp-content\/uploads\/2023\/06\/DJI_0015-uebungsanlage-kurzplatz-1024x427.jpg 1024w, http:\/\/www.betaimages.de\/stiftung\/wp-content\/uploads\/2023\/06\/DJI_0015-uebungsanlage-kurzplatz-768x320.jpg 768w\" sizes=\"auto, (max-width: 1200px) 100vw, 1200px\" \/><\/div><\/figure>[\/vc_column][\/vc_row]\n","protected":false},"excerpt":{"rendered":"<p>[vc_row][vc_column][\/vc_column][vc_column width=&#8220;5\/6&#8243; offset=&#8220;vc_col-lg-offset-2 vc_col-lg-8 vc_col-xs-offset-1 vc_col-xs-10&#8243;][vc_column_text]Die Driving Range befindet sich in unmittelbarer N\u00e4he des Clubhauses und der Caddiehallen. Sie verf\u00fcgt \u00fcber insgesamt 38 Abschlagspl\u00e4tze. Davon befinden sich 25 unter freiem Himmel, die restlichen 13 sind \u00fcberdacht und \u00fcber 2 Stockwerke verteilt. Alle Boxen k\u00f6nnen im Winter beheizt werden. Die Driving Range ist au\u00dferdem mit Flutlicht&hellip;<\/p>\n","protected":false},"author":1,"featured_media":0,"parent":0,"menu_order":0,"comment_status":"closed","ping_status":"closed","template":"","meta":{"footnotes":""},"class_list":["post-1296","page","type-page","status-publish","hentry","entry","no-media"],"_links":{"self":[{"href":"http:\/\/www.betaimages.de\/stiftung\/wp-json\/wp\/v2\/pages\/1296","targetHints":{"allow":["GET"]}}],"collection":[{"href":"http:\/\/www.betaimages.de\/stiftung\/wp-json\/wp\/v2\/pages"}],"about":[{"href":"http:\/\/www.betaimages.de\/stiftung\/wp-json\/wp\/v2\/types\/page"}],"author":[{"embeddable":true,"href":"http:\/\/www.betaimages.de\/stiftung\/wp-json\/wp\/v2\/users\/1"}],"replies":[{"embeddable":true,"href":"http:\/\/www.betaimages.de\/stiftung\/wp-json\/wp\/v2\/comments?post=1296"}],"version-history":[{"count":6,"href":"http:\/\/www.betaimages.de\/stiftung\/wp-json\/wp\/v2\/pages\/1296\/revisions"}],"predecessor-version":[{"id":1441,"href":"http:\/\/www.betaimages.de\/stiftung\/wp-json\/wp\/v2\/pages\/1296\/revisions\/1441"}],"wp:attachment":[{"href":"http:\/\/www.betaimages.de\/stiftung\/wp-json\/wp\/v2\/media?parent=1296"}],"curies":[{"name":"wp","href":"https:\/\/api.w.org\/{rel}","templated":true}]}}