{"id":1299,"date":"2023-06-01T16:46:17","date_gmt":"2023-06-01T14:46:17","guid":{"rendered":"https:\/\/www.betaimages.de\/stiftung\/?page_id=1299"},"modified":"2023-06-02T10:17:35","modified_gmt":"2023-06-02T08:17:35","slug":"golf-academy-gut-neuzenhof","status":"publish","type":"page","link":"http:\/\/www.betaimages.de\/stiftung\/golf-academy-gut-neuzenhof\/","title":{"rendered":"golf-academy-gut-neuzenhof"},"content":{"rendered":"[vc_row][vc_column]<figure class=\"vcex-image vcex-module wpex-clr\"><div class=\"vcex-image-inner wpex-relative wpex-inline-block\"><img decoding=\"async\" width=\"1920\" height=\"560\" src=\"http:\/\/www.betaimages.de\/stiftung\/wp-content\/uploads\/2023\/06\/9I1A6533-golfanlage-golfacademy.jpg\" class=\"wpex-align-middle\" alt=\"\" loading=\"lazy\" srcset=\"http:\/\/www.betaimages.de\/stiftung\/wp-content\/uploads\/2023\/06\/9I1A6533-golfanlage-golfacademy.jpg 1920w, http:\/\/www.betaimages.de\/stiftung\/wp-content\/uploads\/2023\/06\/9I1A6533-golfanlage-golfacademy-300x88.jpg 300w, http:\/\/www.betaimages.de\/stiftung\/wp-content\/uploads\/2023\/06\/9I1A6533-golfanlage-golfacademy-1024x299.jpg 1024w, http:\/\/www.betaimages.de\/stiftung\/wp-content\/uploads\/2023\/06\/9I1A6533-golfanlage-golfacademy-768x224.jpg 768w, http:\/\/www.betaimages.de\/stiftung\/wp-content\/uploads\/2023\/06\/9I1A6533-golfanlage-golfacademy-1536x448.jpg 1536w\" sizes=\"auto, (max-width: 1920px) 100vw, 1920px\" \/><\/div><\/figure>[\/vc_column][vc_column]<div class=\"vcex-heading vcex-module wpex-text-2xl wpex-font-normal wpex-m-auto wpex-max-w-100 vcex-heading-plain wpex-block wpex-text-center vc_custom_1685631505508\"><span class=\"vcex-heading-inner wpex-inline-block wpex-clr\">GOLFACADEMY GUT NEUZENHOF<\/span><\/div><div class=\"vcex-heading vcex-module wpex-text-2xl wpex-font-normal wpex-m-auto wpex-max-w-100 vcex-heading-plain wpex-block wpex-text-center vc_custom_1685631518433\" style=\"color:#166151;font-size:20px;\"><span class=\"vcex-heading-inner wpex-inline-block wpex-clr\">UNSERE PHILOSOPHIE: DREI SCHL\u00dcSSEL ZUM ERFOLG<\/span><\/div>[\/vc_column][\/vc_row][vc_row][vc_column width=&#8220;5\/6&#8243; offset=&#8220;vc_col-lg-offset-2 vc_col-lg-8 vc_col-xs-offset-1 vc_col-xs-10&#8243;][vc_column_text]Wie in allen klassischen Sportarten gibt es auch im Golf drei wichtige Bereiche, die bei einem Sportler ausgewogen und harmonierend vorhanden sein m\u00fcssen: Technik, mentale St\u00e4rke und Fitness. Weist einer dieser Bereiche ein Defizit auf, so kann der Sportler nicht sein volles Potential aussch\u00f6pfen. Die PGA Professionals der GolfAcademy Gut Neuzenhof sehen es als ihre Aufgabe an, mit ihren Sch\u00fclern einen einfachen und erfolgreichen Weg zu finden, das Potential in allen drei Bereichen zu maximieren. Streng nach dem Motto: Keep it simple![\/vc_column_text]<figure class=\"vcex-image vcex-module wpex-clr\"><div class=\"vcex-image-inner wpex-relative wpex-inline-block vc_custom_1685693744798\"><img decoding=\"async\" width=\"1200\" height=\"500\" src=\"http:\/\/www.betaimages.de\/stiftung\/wp-content\/uploads\/2023\/06\/Rookies_September_2016_Bild_golafanlage-golfacademy.jpg\" class=\"wpex-align-middle\" alt=\"\" loading=\"lazy\" srcset=\"http:\/\/www.betaimages.de\/stiftung\/wp-content\/uploads\/2023\/06\/Rookies_September_2016_Bild_golafanlage-golfacademy.jpg 1200w, http:\/\/www.betaimages.de\/stiftung\/wp-content\/uploads\/2023\/06\/Rookies_September_2016_Bild_golafanlage-golfacademy-300x125.jpg 300w, http:\/\/www.betaimages.de\/stiftung\/wp-content\/uploads\/2023\/06\/Rookies_September_2016_Bild_golafanlage-golfacademy-1024x427.jpg 1024w, http:\/\/www.betaimages.de\/stiftung\/wp-content\/uploads\/2023\/06\/Rookies_September_2016_Bild_golafanlage-golfacademy-768x320.jpg 768w\" sizes=\"auto, (max-width: 1200px) 100vw, 1200px\" \/><\/div><\/figure>[\/vc_column][\/vc_row][vc_row css=&#8220;.vc_custom_1685631732964{background-image: url(http:\/\/www.betaimages.de\/stiftung\/wp-content\/uploads\/2023\/05\/bgbrown.jpg?id=520) !important;background-position: 0 0 !important;background-repeat: repeat !important;}&#8220;][vc_column width=&#8220;5\/6&#8243; offset=&#8220;vc_col-lg-offset-2 vc_col-lg-8 vc_col-xs-offset-1 vc_col-xs-10&#8243;][vc_column_text text_align=&#8220;center&#8220; color=&#8220;#ffffff&#8220; css=&#8220;.vc_custom_1685631839309{margin-top: 60px !important;margin-bottom: 60px !important;}&#8220;]Die Pros k\u00f6nnen entweder privat f\u00fcr Einzelstunden gebucht werden (ab 50 EUR \/ 40 min).<br \/>\nAlternativ bietet die Golf Academy ein umfangreiches Kursprogramm von Schnupperkursen<br \/>\nf\u00fcr Golfanf\u00e4nger bis hin zu Intensivkursen f\u00fcr aktive Golfer.<\/p>\n<p>Alle weiteren Informationen hierzu finden Sie direkt auf der\u00a0<a href=\"http:\/\/www.gutneuzenhof.de\/\" target=\"_blank\" rel=\"noopener\"><strong>Homepage der GolfAcademy Gut Neuzenhof<\/strong><\/a>[\/vc_column_text][\/vc_column][\/vc_row][vc_row][vc_column width=&#8220;5\/6&#8243; offset=&#8220;vc_col-lg-offset-2 vc_col-lg-8 vc_col-xs-offset-1 vc_col-xs-10&#8243;]<figure class=\"vcex-image vcex-module wpex-clr\"><div class=\"vcex-image-inner wpex-relative wpex-inline-block vc_custom_1685693754905\"><img decoding=\"async\" width=\"1200\" height=\"500\" src=\"http:\/\/www.betaimages.de\/stiftung\/wp-content\/uploads\/2023\/06\/9I1A0010-golfanlage-golfacademy.jpg\" class=\"wpex-align-middle\" alt=\"\" loading=\"lazy\" srcset=\"http:\/\/www.betaimages.de\/stiftung\/wp-content\/uploads\/2023\/06\/9I1A0010-golfanlage-golfacademy.jpg 1200w, http:\/\/www.betaimages.de\/stiftung\/wp-content\/uploads\/2023\/06\/9I1A0010-golfanlage-golfacademy-300x125.jpg 300w, http:\/\/www.betaimages.de\/stiftung\/wp-content\/uploads\/2023\/06\/9I1A0010-golfanlage-golfacademy-1024x427.jpg 1024w, http:\/\/www.betaimages.de\/stiftung\/wp-content\/uploads\/2023\/06\/9I1A0010-golfanlage-golfacademy-768x320.jpg 768w\" sizes=\"auto, (max-width: 1200px) 100vw, 1200px\" \/><\/div><\/figure>[\/vc_column][\/vc_row]\n","protected":false},"excerpt":{"rendered":"<p>[vc_row][vc_column][\/vc_column][vc_column][\/vc_column][\/vc_row][vc_row][vc_column width=&#8220;5\/6&#8243; offset=&#8220;vc_col-lg-offset-2 vc_col-lg-8 vc_col-xs-offset-1 vc_col-xs-10&#8243;][vc_column_text]Wie in allen klassischen Sportarten gibt es auch im Golf drei wichtige Bereiche, die bei einem Sportler ausgewogen und harmonierend vorhanden sein m\u00fcssen: Technik, mentale St\u00e4rke und Fitness. Weist einer dieser Bereiche ein Defizit auf, so kann der Sportler nicht sein volles Potential aussch\u00f6pfen. Die PGA Professionals der GolfAcademy Gut&hellip;<\/p>\n","protected":false},"author":1,"featured_media":0,"parent":0,"menu_order":0,"comment_status":"closed","ping_status":"closed","template":"","meta":{"footnotes":""},"class_list":["post-1299","page","type-page","status-publish","hentry","entry","no-media"],"_links":{"self":[{"href":"http:\/\/www.betaimages.de\/stiftung\/wp-json\/wp\/v2\/pages\/1299","targetHints":{"allow":["GET"]}}],"collection":[{"href":"http:\/\/www.betaimages.de\/stiftung\/wp-json\/wp\/v2\/pages"}],"about":[{"href":"http:\/\/www.betaimages.de\/stiftung\/wp-json\/wp\/v2\/types\/page"}],"author":[{"embeddable":true,"href":"http:\/\/www.betaimages.de\/stiftung\/wp-json\/wp\/v2\/users\/1"}],"replies":[{"embeddable":true,"href":"http:\/\/www.betaimages.de\/stiftung\/wp-json\/wp\/v2\/comments?post=1299"}],"version-history":[{"count":6,"href":"http:\/\/www.betaimages.de\/stiftung\/wp-json\/wp\/v2\/pages\/1299\/revisions"}],"predecessor-version":[{"id":1448,"href":"http:\/\/www.betaimages.de\/stiftung\/wp-json\/wp\/v2\/pages\/1299\/revisions\/1448"}],"wp:attachment":[{"href":"http:\/\/www.betaimages.de\/stiftung\/wp-json\/wp\/v2\/media?parent=1299"}],"curies":[{"name":"wp","href":"https:\/\/api.w.org\/{rel}","templated":true}]}}