{"id":1327,"date":"2023-06-01T17:24:14","date_gmt":"2023-06-01T15:24:14","guid":{"rendered":"https:\/\/www.betaimages.de\/stiftung\/?page_id=1327"},"modified":"2023-06-02T08:22:03","modified_gmt":"2023-06-02T06:22:03","slug":"days","status":"publish","type":"page","link":"http:\/\/www.betaimages.de\/stiftung\/days\/","title":{"rendered":"Days"},"content":{"rendered":"[vc_row][vc_column]<figure class=\"vcex-image vcex-module wpex-clr\"><div class=\"vcex-image-inner wpex-relative wpex-inline-block\"><img decoding=\"async\" width=\"1920\" height=\"475\" src=\"http:\/\/www.betaimages.de\/stiftung\/wp-content\/uploads\/2023\/06\/header_days_korr.jpg\" class=\"wpex-align-middle\" alt=\"\" loading=\"lazy\" srcset=\"http:\/\/www.betaimages.de\/stiftung\/wp-content\/uploads\/2023\/06\/header_days_korr.jpg 1920w, http:\/\/www.betaimages.de\/stiftung\/wp-content\/uploads\/2023\/06\/header_days_korr-300x74.jpg 300w, http:\/\/www.betaimages.de\/stiftung\/wp-content\/uploads\/2023\/06\/header_days_korr-1024x253.jpg 1024w, http:\/\/www.betaimages.de\/stiftung\/wp-content\/uploads\/2023\/06\/header_days_korr-768x190.jpg 768w, http:\/\/www.betaimages.de\/stiftung\/wp-content\/uploads\/2023\/06\/header_days_korr-1536x380.jpg 1536w\" sizes=\"auto, (max-width: 1920px) 100vw, 1920px\" \/><\/div><\/figure>[\/vc_column][vc_column]<div class=\"vcex-heading vcex-module wpex-text-2xl wpex-font-normal wpex-m-auto wpex-max-w-100 vcex-heading-plain wpex-block wpex-text-center vc_custom_1685686532149\"><span class=\"vcex-heading-inner wpex-inline-block wpex-clr\">Days<\/span><\/div>[\/vc_column][\/vc_row][vc_row css=&#8220;.vc_custom_1685624981238{margin-top: 40px !important;margin-bottom: 40px !important;}&#8220;][vc_column width=&#8220;5\/6&#8243; offset=&#8220;vc_col-lg-offset-2 vc_col-lg-8 vc_col-md-offset-1 vc_col-md-10 vc_col-sm-offset-1 vc_col-xs-offset-1 vc_col-xs-10&#8243;]<div class=\"wpex-post-cards wpex-post-cards-post-content_1 wpex-relative\"><div class=\"wpex-post-cards-inner\"><div class=\"wpex-post-cards-loop wpex-post-cards-list wpex-grid wpex-grid-cols-1 wpex-gap-15\"><div class=\"wpex-post-cards-entry post-1373 type-post cat-26\"><div class=\"wpex-card wpex-card-post-content_1\"><h3 class=\"wp-block-heading has-text-align-center\">ROOKIES<\/h3>\n<figure class=\"wp-block-image\"><img decoding=\"async\" src=\"https:\/\/gc-heddesheim.de\/wp-content\/uploads\/2018\/11\/Rookies1-2018-1024x768n.jpg\" alt=\"\"\/><\/figure>\n<p><strong>Kader 2019:<br \/><\/strong>Max Keinert, Alexander Oberdiek, Jan Niklas Keilbach, Andr\u00e9 Schwab, Lukas Zimmermann, Lukas Werner, Marius Ebert, Fabian Oppelt, Jannik Fischer, Victor Langohr, Laila Terzic<\/p>\n<p><strong>Trainer:<\/strong>Mike Cole, Jason Harvey&nbsp;<br \/><strong>Kapit\u00e4n:&nbsp;&nbsp;<\/strong>&nbsp;&nbsp;&nbsp;&nbsp;&nbsp;&nbsp;&nbsp;&nbsp;&nbsp;&nbsp;&nbsp;&nbsp;&nbsp;&nbsp;&nbsp;&nbsp;&nbsp;&nbsp;&nbsp;&nbsp;&nbsp;&nbsp;&nbsp;&nbsp;&nbsp;&nbsp;&nbsp;&nbsp;Alexander Oberdiek, Max Keinert<\/p>\n<p>Die Rookies sind eine Spiel- und Trainingsgruppe f\u00fcr die Spielerinnen und Spieler des Golfclubs Heddesheim zwischen 18 und 35 Jahren. Mit dieser Gruppe bieten wir Sch\u00fclern, Studierenden und Berufsanf\u00e4ngern die M\u00f6glichkeit, gemeinsam zu trainieren, zu spielen und das Handicap zu jagen. Dabei stehen der Gruppe Mike Cole und Jason Harvey als Trainer zur Seite und geben im Rahmen des themenorientierten Gruppentrainings Tipps und Hilfestellung. Das gemeinsame Gruppentraining findet w\u00e4hrend der Saison alle zwei Wochen, samstags von 16.00 -17.30 Uhr, statt.<\/p>\n<p>Daneben treffen sich die Rookies mehrfach w\u00f6chentlich zum gemeinsamen Spielen und tragen in mehreren vorgabewirksamen Turnieren den Keilbach-Cup unter sich aus.<\/p>\n<p>Die Anmeldung erfolgt \u00fcber den Rookies Captain und kostet \u20ac 150 pauschal zur Finanzierung des durch die Pros betreuten Trainings und des j\u00e4hrlichen Team-Poloshirts.<\/p>\n<h3 class=\"wp-block-heading has-text-align-center\">LADIES DAY<\/h3>\n<p>Die Ladies treffen sich in der Regel dienstags zum freien Spiel und gestalten ferner ein abwechslungsreiches Spielprogramm mit gemeinsamen Abendessen \u00fcber die gesamte Sommersaison. Dabei sollen sowohl ambitionierte Spielerinnen als auch reine Freizeitspielerinnen einen festen Wohlf\u00fchlplatz im Rahmen dieser Tage finden.<br \/>Der Fokus liegt auf Freude am gemeinsamen Spiel in der Gruppe, auf Integration von Neumitgliedern, auf Verbesserung der eigenen Leistung und auf Spa\u00df und Geselligkeit bei m\u00f6glichst abwechslungsreichen Spieltagen.<br \/>Beispiele des Turnierkalenders hierf\u00fcr sind:<br \/>&#8211; feste Spieltage (vorgabe- und nicht vorgabewirksam)<br \/>&#8211; Turniere in Spielform Scramble<br \/>&#8211; Sponsoren und Charityturniere<br \/>&#8211; Cupspiele (j\u00e4hrliche Ausspielung eines Cups mit ausgew\u00e4hlten Vereinen)<br \/>&#8211; Interclub Spiele, Freundschaftsspiele<br \/>&#8211; Sommerfest, Freundinnenturnier, Nikolausturnier etc.<\/p>\n<p>Informationen finden sich am schwarzen Brett der Ladies in der Gesch\u00e4ftsstelle. Wer die aktuellen Informationen von mir pers\u00f6nlich erhalten m\u00f6chte, schickt bitte eine E-Mail an:<br \/><a href=\"mailto:Ladies@GCH-Days.de\" target=\"_blank\" rel=\"noreferrer noopener\">Ladies@GCH-Days.de<\/a><\/p>\n<p>Neumitglieder und interessierte Damen k\u00f6nnen sich au\u00dferdem jederzeit \u00fcber die Gesch\u00e4ftsstelle mit mir in Verbindung setzen.<\/p>\n<p>Ich freue mich auf Sie!<br \/>Christine Benz<br \/>Ladies Day Captain<\/p>\n<figure class=\"wp-block-image\"><img decoding=\"async\" src=\"https:\/\/gc-heddesheim.de\/wp-content\/uploads\/2018\/07\/Christine-Benz1-682x1024-200x300.jpg\" alt=\"\" title=\"Christine-Benz1-682\u00d71024\"\/><\/figure>\n<h3 class=\"wp-block-heading has-text-align-center\">MEN&#8217;S DAY<\/h3>\n<figure class=\"wp-block-image\"><img decoding=\"async\" src=\"https:\/\/gc-heddesheim.de\/wp-content\/uploads\/2016\/12\/Captains2020.jpg\" alt=\"\"\/><\/figure>\n<p>Jeweils mittwochs treffen sich die M\u00e4nner zum gemeinsamen Spiel, wobei jedes m\u00e4nnliche Clubmitglied willkommen ist. Organisiert wird der Men&#8217;s Day von den beiden gleichberechtigten Captains Christian Sperling und Ian Watters. Sie sind \u00fcber das Clubsekretariat zu erreichen.<br \/>Neben der sportlichen Ausrichtung wird darauf geachtet, den weniger sportlich ambitionierten Golfern ad\u00e4quate Spielm\u00f6glichkeiten zu bieten. Besonderer Wert wird darauf gelegt, dass der gesellschaftliche Teil nicht zu kurz kommt.<br \/>&nbsp;&nbsp;<\/p>\n<h3 class=\"wp-block-heading has-text-align-center\">SENIORS DAY<\/h3>\n<figure class=\"wp-block-image\"><img decoding=\"async\" src=\"https:\/\/gc-heddesheim.de\/wp-content\/uploads\/2016\/12\/Seniors-Day_bearbeitet.jpg\" alt=\"\" title=\"Seniors Day_bearbeitet\"\/><\/figure>\n<p><strong>2. v.l.: Captain Eberhard Probst (E-Mail:&nbsp;<a href=\"mailto:docepro@t-online.de\">docepro@t-online.de<\/a>)<\/strong><\/p>\n<p>Die Seniors (ab 50) treffen sich donnerstags zum Spielen.&nbsp;Einfach vorbeikommen (bitte ca. 10 Minuten vorher), die Flights werden vor Ort zusammengestellt bzw. ausgelost,<br \/>am Start ist eine Registrierung erforderlich. (die Corona 3G Regeln sind einzuhalten)<\/p>\n<p>Viele meist nicht vorgabewirksame Turniere werden in Heddesheim gespielt in Form von Scrambles o.\u00e4. wie z.B. Riwwelkuche Turnier, Gl\u00fchwein und Brezel o.\u00e4.<\/p>\n<p>Dar\u00fcber hinaus finden freundschaftliche Turniere (IC = Interclub Spiele) mit befreundeten Clubs statt. Diese werden in Form eines Lochwettspiels ebenfalls nicht vorgabewirksam durchgef\u00fchrt.<\/p>\n<p>Allerdings gibt es auch vorgabewirksame Runden wie die S\u00fcdwestdeutsche Senioren Runde und die Kurpf\u00e4lzer Seniorenrunde (sh. unten).<\/p>\n<p>Turniere :<br \/>Die Turniere sind im aktuellen Wettspielkalender und auf der Homepage aufgef\u00fchrt.<\/p>\n<h3 class=\"wp-block-heading has-text-align-center\">S\u00dcDWESTDEUTSCHE SENIORENRUNDE (SWDSR)<\/h3>\n<figure class=\"wp-block-image\"><img decoding=\"async\" src=\"https:\/\/gc-heddesheim.de\/wp-content\/uploads\/2016\/12\/SWDSR.jpg\" alt=\"\"\/><\/figure>\n<p><strong>Captain: Volker Jacob (E-Mail:&nbsp;<a href=\"mailto:volkerjacob@web.de\">volkerjacob@web.de)<\/a><\/strong><\/p>\n<p>10 Golfclubs spielen ein 18 Loch-Z\u00e4hlspiel nach Stableford in 3 Klassen vorgabewirksam. Dabei treten pro Club max. 10 Spieler an, die 6 besten Nettoergebnisse werden als Mannschaftsergebnis gewertet.<\/p>\n<h3 class=\"wp-block-heading has-text-align-center\">KURPF\u00c4LZER SENIORENRUNDE (KSR)<\/h3>\n<figure class=\"wp-block-image\"><img decoding=\"async\" src=\"https:\/\/gc-heddesheim.de\/wp-content\/uploads\/2016\/12\/Ehepaar-Rech2.jpg\" alt=\"\" title=\"Ehepaar Rech2\"\/><\/figure>\n<p>Die Kurpf\u00e4lzer Seniorenrunde wurde 2009 ins Leben gerufen. Die f\u00fcnf teilnehmenden Mannschaften&nbsp;kommen aus Heddesheim,&nbsp; Heidelberg-Lobenfeld,&nbsp; Mannheim-Viernheim,&nbsp;Neustadt\/ Pfalz und&nbsp; Wiesloch.<br \/>Auf jeder Anlage findet in der Saison ein vorgabewirksames Turnier statt, jeweils f\u00fcnfzehn&nbsp;Spieler*innen&nbsp;pro Club&nbsp;gehen an den Start, die acht Besten jedes Teams kommen in die Nettowertung.<\/p>\n<p>Die sportlichen Turniere finden ihren jeweiligen Abschluss mit einer entspannten Abendveranstaltung, wobei das gesellschaftliche und freundschaftliche Miteinander gepflegt wird.<\/p>\n<p>In der letztj\u00e4hrigen KSR- Saison konnten immerhin vier Wettspiele ausgetragen werden, leider musste unser Heimspiel in Heddesheim im Mai pandemiebedingt ausfallen.&nbsp;<\/p>\n<p>F\u00fcr die Organisation der KSR sind als gleichberechtigte Captains Elisabeth und Manfred Rech zust\u00e4ndig.<\/p>\n<p>Neue Spielinteressierte sind herzlich willkommen und k\u00f6nnen sich gerne an die Mail-Adresse&nbsp;<a href=\"mailto:rechmoeksr@gmx.de\">rechmoeksr@gmx.de<\/a>&nbsp;wenden.<\/p>\n<p>Spieltermine 2022:<br \/>12.05.2022: GC Pfalz \/ Neustadt<br \/>21.06.2022:&nbsp; GC HD- Lobenfeld<br \/>07.07.2022:&nbsp; GC Heddesheim<br \/>16.08.2022: GC Hohenhardter Hof \/ Wiesloch<br \/>30.08.2022: GC Mannheim -Viernheim<\/p>\n<\/div><\/div><\/div><\/div><\/div>[\/vc_column][\/vc_row]\n","protected":false},"excerpt":{"rendered":"<p>[vc_row][vc_column][\/vc_column][vc_column][\/vc_column][\/vc_row][vc_row css=&#8220;.vc_custom_1685624981238{margin-top: 40px !important;margin-bottom: 40px !important;}&#8220;][vc_column width=&#8220;5\/6&#8243; offset=&#8220;vc_col-lg-offset-2 vc_col-lg-8 vc_col-md-offset-1 vc_col-md-10 vc_col-sm-offset-1 vc_col-xs-offset-1 vc_col-xs-10&#8243;][\/vc_column][\/vc_row]<\/p>\n","protected":false},"author":1,"featured_media":0,"parent":0,"menu_order":0,"comment_status":"closed","ping_status":"closed","template":"","meta":{"footnotes":""},"class_list":["post-1327","page","type-page","status-publish","hentry","entry","no-media"],"_links":{"self":[{"href":"http:\/\/www.betaimages.de\/stiftung\/wp-json\/wp\/v2\/pages\/1327","targetHints":{"allow":["GET"]}}],"collection":[{"href":"http:\/\/www.betaimages.de\/stiftung\/wp-json\/wp\/v2\/pages"}],"about":[{"href":"http:\/\/www.betaimages.de\/stiftung\/wp-json\/wp\/v2\/types\/page"}],"author":[{"embeddable":true,"href":"http:\/\/www.betaimages.de\/stiftung\/wp-json\/wp\/v2\/users\/1"}],"replies":[{"embeddable":true,"href":"http:\/\/www.betaimages.de\/stiftung\/wp-json\/wp\/v2\/comments?post=1327"}],"version-history":[{"count":4,"href":"http:\/\/www.betaimages.de\/stiftung\/wp-json\/wp\/v2\/pages\/1327\/revisions"}],"predecessor-version":[{"id":1379,"href":"http:\/\/www.betaimages.de\/stiftung\/wp-json\/wp\/v2\/pages\/1327\/revisions\/1379"}],"wp:attachment":[{"href":"http:\/\/www.betaimages.de\/stiftung\/wp-json\/wp\/v2\/media?parent=1327"}],"curies":[{"name":"wp","href":"https:\/\/api.w.org\/{rel}","templated":true}]}}