{"id":1329,"date":"2023-06-01T17:25:04","date_gmt":"2023-06-01T15:25:04","guid":{"rendered":"https:\/\/www.betaimages.de\/stiftung\/?page_id=1329"},"modified":"2023-06-02T09:12:37","modified_gmt":"2023-06-02T07:12:37","slug":"jugendfoerderverein","status":"publish","type":"page","link":"http:\/\/www.betaimages.de\/stiftung\/jugendfoerderverein\/","title":{"rendered":"jugendfoerderverein"},"content":{"rendered":"[vc_row][vc_column]<figure class=\"vcex-image vcex-module wpex-clr\"><div class=\"vcex-image-inner wpex-relative wpex-inline-block\"><img decoding=\"async\" width=\"1920\" height=\"475\" src=\"http:\/\/www.betaimages.de\/stiftung\/wp-content\/uploads\/2023\/06\/jugend_foerderverein_9I1A6332.jpg\" class=\"wpex-align-middle\" alt=\"\" loading=\"lazy\" srcset=\"http:\/\/www.betaimages.de\/stiftung\/wp-content\/uploads\/2023\/06\/jugend_foerderverein_9I1A6332.jpg 1920w, http:\/\/www.betaimages.de\/stiftung\/wp-content\/uploads\/2023\/06\/jugend_foerderverein_9I1A6332-300x74.jpg 300w, http:\/\/www.betaimages.de\/stiftung\/wp-content\/uploads\/2023\/06\/jugend_foerderverein_9I1A6332-1024x253.jpg 1024w, http:\/\/www.betaimages.de\/stiftung\/wp-content\/uploads\/2023\/06\/jugend_foerderverein_9I1A6332-768x190.jpg 768w, http:\/\/www.betaimages.de\/stiftung\/wp-content\/uploads\/2023\/06\/jugend_foerderverein_9I1A6332-1536x380.jpg 1536w\" sizes=\"auto, (max-width: 1920px) 100vw, 1920px\" \/><\/div><\/figure>[\/vc_column][vc_column]<div class=\"vcex-heading vcex-module wpex-text-2xl wpex-font-normal wpex-m-auto wpex-max-w-100 vcex-heading-plain wpex-block wpex-text-center vc_custom_1685689517705\"><span class=\"vcex-heading-inner wpex-inline-block wpex-clr\">Jugendf\u00f6rderverein<\/span><\/div>[\/vc_column][\/vc_row][vc_row][vc_column width=&#8220;5\/6&#8243; offset=&#8220;vc_col-lg-offset-2 vc_col-lg-8 vc_col-xs-offset-1 vc_col-xs-10&#8243;][vc_column_text]Der \u201eHeddesheimer Verein zur F\u00f6rderung jugendlicher Golfspieler e.V.\u201c wurde im Jahr 2000 gegr\u00fcndet und verfolgt ausschlie\u00dflich gemeinn\u00fctzige Zwecke.<br \/>\nEr f\u00f6rdert die Organisation und Durchf\u00fchrung von Golffortbildungsma\u00dfnahmen \u2013 insbesondere Training und Wettspiele \u2013 f\u00fcr interessierte Jugendliche in Nordbaden, S\u00fcdhessen und der Bergstrasse.<br \/>\nEr arbeitet eng mit den verantwortlichen Trainern und dem Jugendwart des Golfclubs Heddesheim Gut Neuzenhof e.V. zusammen und garantiert einen bestm\u00f6glichen Einsatz der Mittel und die maximale F\u00f6rderung der Jugendlichen.<br \/>\nDer F\u00f6rderverein startete in 2016 eine Spenderinitiative, die es zuk\u00fcnftigen Spendern erm\u00f6glicht, einen Spendenbeitrag durch die Ausstellung einer Spendenquittung steuerlich geltend zu machen.<br \/>\nDer Spender &#8211; Einzelperson oder Firma &#8211; erkl\u00e4rt sich bereit, \u20ac 100,00 pro Jahr f\u00fcr 3 Jahre zu spenden.<br \/>\nJeder Spender erh\u00e4lt nach Leistung der ersten Spende eine kostenlose Namensnennung oder Firmendarstellung f\u00fcr die Dauer der Spende (mindestens 3 Jahre) auf einer vom F\u00f6rderverein installierten Spendertafel.<br \/>\nMit diesen Betr\u00e4gen stellen wir eine mittelfristig stabile Unterst\u00fctzung f\u00fcr unsere Jugendarbeit sicher.[\/vc_column_text]<div class=\"vcex-heading vcex-module wpex-text-2xl wpex-font-normal wpex-m-auto wpex-max-w-100 vcex-heading-plain wpex-block wpex-text-center vc_custom_1685689531108\" style=\"color:#166151;font-size:20px;\"><span class=\"vcex-heading-inner wpex-inline-block wpex-clr\">Sie m\u00f6chten lieber eines unserer offenen Jugendturniere im GC Heddesheim sponsern?<\/span><\/div>[vc_column_text]Mit einem Spendenbeitrag von \u20ac 500,00 werden sie Namenssponsor f\u00fcr ein Jugendturnier und erhalten neben der Spendenbescheinigung einen redaktionellen Beitrag in unserer Clubzeitung &#8222;Gutperle Golf Courses Journal&#8220;.[\/vc_column_text]<div class=\"vcex-heading vcex-module wpex-text-2xl wpex-font-normal wpex-m-auto wpex-max-w-100 vcex-heading-plain wpex-block wpex-text-center vc_custom_1685689794896\" style=\"color:#166151;font-size:20px;\"><span class=\"vcex-heading-inner wpex-inline-block wpex-clr\">Oder Sie m\u00f6chten die Jugend einfach mit einem beliebigen Betrag unterst\u00fctzen?<\/span><\/div>[vc_column_text]Ab \u20ac 100,00 erhalten sie schon eine Spendenbescheinigung.<br \/>\nHaben Sie R\u00fcckfragen oder m\u00f6chten Sie einen pers\u00f6nlichen Gespr\u00e4chstermin? Benutzen Sie daf\u00fcr das Kontaktformular unter dem Men\u00fcpunkt &#8222;Kontakt&#8220; mit dem Betreff &#8222;Jugendwart&#8220;.<br \/>\nKontoverbindung:<br \/>\nHeddesheimer Verein zur F\u00f6rderung jugendlicher Golfspieler e.V.<br \/>\nBank: \u00a0 \u00a0 \u00a0 \u00a0 \u00a0 \u00a0Sparkasse Rhein-Neckar Nord<br \/>\nIBAN-Nr.:\u00a0\u00a0\u00a0\u00a0\u00a0DE 96 6705 0505\u00a00063 0094 74<br \/>\nBIC :\u00a0\u00a0\u00a0\u00a0\u00a0\u00a0\u00a0\u00a0\u00a0\u00a0\u00a0\u00a0\u00a0\u00a0MANSDE66XXX[\/vc_column_text]<div class=\"vcex-heading vcex-module wpex-text-2xl wpex-font-normal wpex-m-auto wpex-max-w-100 vcex-heading-plain wpex-block wpex-text-center vc_custom_1685689868336\" style=\"color:#166151;font-size:20px;\"><span class=\"vcex-heading-inner wpex-inline-block wpex-clr\">Der Jugend geh\u00f6rt die Zukunft, dem Spender der Augenblick voller Dankbarkeit.<\/span><\/div>[\/vc_column][\/vc_row]\n","protected":false},"excerpt":{"rendered":"<p>[vc_row][vc_column][\/vc_column][vc_column][\/vc_column][\/vc_row][vc_row][vc_column width=&#8220;5\/6&#8243; offset=&#8220;vc_col-lg-offset-2 vc_col-lg-8 vc_col-xs-offset-1 vc_col-xs-10&#8243;][vc_column_text]Der \u201eHeddesheimer Verein zur F\u00f6rderung jugendlicher Golfspieler e.V.\u201c wurde im Jahr 2000 gegr\u00fcndet und verfolgt ausschlie\u00dflich gemeinn\u00fctzige Zwecke. Er f\u00f6rdert die Organisation und Durchf\u00fchrung von Golffortbildungsma\u00dfnahmen \u2013 insbesondere Training und Wettspiele \u2013 f\u00fcr interessierte Jugendliche in Nordbaden, S\u00fcdhessen und der Bergstrasse. Er arbeitet eng mit den verantwortlichen Trainern und dem&hellip;<\/p>\n","protected":false},"author":1,"featured_media":0,"parent":0,"menu_order":0,"comment_status":"closed","ping_status":"closed","template":"","meta":{"footnotes":""},"class_list":["post-1329","page","type-page","status-publish","hentry","entry","no-media"],"_links":{"self":[{"href":"http:\/\/www.betaimages.de\/stiftung\/wp-json\/wp\/v2\/pages\/1329","targetHints":{"allow":["GET"]}}],"collection":[{"href":"http:\/\/www.betaimages.de\/stiftung\/wp-json\/wp\/v2\/pages"}],"about":[{"href":"http:\/\/www.betaimages.de\/stiftung\/wp-json\/wp\/v2\/types\/page"}],"author":[{"embeddable":true,"href":"http:\/\/www.betaimages.de\/stiftung\/wp-json\/wp\/v2\/users\/1"}],"replies":[{"embeddable":true,"href":"http:\/\/www.betaimages.de\/stiftung\/wp-json\/wp\/v2\/comments?post=1329"}],"version-history":[{"count":2,"href":"http:\/\/www.betaimages.de\/stiftung\/wp-json\/wp\/v2\/pages\/1329\/revisions"}],"predecessor-version":[{"id":1393,"href":"http:\/\/www.betaimages.de\/stiftung\/wp-json\/wp\/v2\/pages\/1329\/revisions\/1393"}],"wp:attachment":[{"href":"http:\/\/www.betaimages.de\/stiftung\/wp-json\/wp\/v2\/media?parent=1329"}],"curies":[{"name":"wp","href":"https:\/\/api.w.org\/{rel}","templated":true}]}}