{"id":793,"date":"2023-05-24T14:28:23","date_gmt":"2023-05-24T12:28:23","guid":{"rendered":"https:\/\/www.betaimages.de\/stiftung\/?page_id=793"},"modified":"2023-06-02T11:19:29","modified_gmt":"2023-06-02T09:19:29","slug":"gastronomie","status":"publish","type":"page","link":"http:\/\/www.betaimages.de\/stiftung\/gastronomie\/","title":{"rendered":"Gastronomie"},"content":{"rendered":"[vc_row][vc_column]<figure class=\"vcex-image vcex-module wpex-clr\"><div class=\"vcex-image-inner wpex-relative wpex-inline-block\"><img decoding=\"async\" width=\"1920\" height=\"560\" src=\"http:\/\/www.betaimages.de\/stiftung\/wp-content\/uploads\/2023\/06\/Bild-Restaurant-gastronomie.jpg\" class=\"wpex-align-middle\" alt=\"\" loading=\"lazy\" srcset=\"http:\/\/www.betaimages.de\/stiftung\/wp-content\/uploads\/2023\/06\/Bild-Restaurant-gastronomie.jpg 1920w, http:\/\/www.betaimages.de\/stiftung\/wp-content\/uploads\/2023\/06\/Bild-Restaurant-gastronomie-300x88.jpg 300w, http:\/\/www.betaimages.de\/stiftung\/wp-content\/uploads\/2023\/06\/Bild-Restaurant-gastronomie-1024x299.jpg 1024w, http:\/\/www.betaimages.de\/stiftung\/wp-content\/uploads\/2023\/06\/Bild-Restaurant-gastronomie-768x224.jpg 768w, http:\/\/www.betaimages.de\/stiftung\/wp-content\/uploads\/2023\/06\/Bild-Restaurant-gastronomie-1536x448.jpg 1536w\" sizes=\"auto, (max-width: 1920px) 100vw, 1920px\" \/><\/div><\/figure>[\/vc_column][\/vc_row][vc_row][vc_column]<div class=\"vcex-heading vcex-module wpex-text-2xl wpex-font-normal wpex-m-auto wpex-max-w-100 vcex-heading-plain wpex-block wpex-text-center vc_custom_1684932118619\"><span class=\"vcex-heading-inner wpex-inline-block wpex-clr\">Gastronomie<\/span><\/div><div class=\"vcex-heading vcex-module wpex-text-2xl wpex-font-normal wpex-m-auto wpex-max-w-100 vcex-heading-plain wpex-block wpex-text-center vc_custom_1684932301072\" style=\"color:#166151;font-size:20px;\"><span class=\"vcex-heading-inner wpex-inline-block wpex-clr\">RESTAURANT GUT NEUZENHOF<\/span><\/div>[\/vc_column][\/vc_row][vc_row][vc_column width=&#8220;5\/6&#8243; offset=&#8220;vc_col-lg-offset-2 vc_col-lg-8 vc_col-md-offset-1 vc_col-md-10 vc_col-sm-offset-1 vc_col-xs-offset-1&#8243;][vc_column_text css=&#8220;.vc_custom_1684932398312{margin-bottom: 40px !important;}&#8220;]Das Restaurant Gut Neuzenhof liegt in der ehemaligen Tabakscheune des Anwesens und schafft mit den hellen Sandsteinw\u00e4nden, dem Bodenbelag aus franz\u00f6sischem Terrakotta, dem Original-Holzwerk im Dachstuhl und dem beeindruckenden Kronleuchter ein traumhaftes Ambiente. Pluspunkt sind die zwei sonnigen Au\u00dfenterrassen, auf denen man einen wundersch\u00f6nen Ausblick \u00fcber Felder und Wiesen bis zu den Burgen von Weinheim hat.<br \/>\nClaudio Piermani, Quintino Pitzus und ihr Team pr\u00e4sentieren Ihnen eine ausgesuchte mediterrane K\u00fcche in einmaligem Ambiente.[\/vc_column_text][vc_column_text]<strong>\u00d6ffnungszeiten:<\/strong><br \/>\nT\u00e4glich 9 &#8211; 24 Uhr<br \/>\nTel.: 06204 \/ 97 69 30<br \/>\nFax: 06204 \/ 97 69 35<br \/>\nE-Mail: info@restaurant-neuzenhof.de<br \/>\nWebseite:\u00a0<a href=\"http:\/\/www.restaurant-neuzenhof.de\/\" target=\"_blank\" rel=\"noopener noreferrer\">www.restaurant-neuzenhof.de<\/a>[\/vc_column_text][\/vc_column][\/vc_row][vc_row][vc_column width=&#8220;5\/6&#8243; css=&#8220;.vc_custom_1684932551786{margin-top: 40px !important;margin-bottom: 40px !important;}&#8220; offset=&#8220;vc_col-lg-offset-2 vc_col-lg-8 vc_col-md-offset-1 vc_col-md-10 vc_col-sm-offset-1 vc_col-xs-offset-1 vc_col-xs-10&#8243;]<figure class=\"vcex-image vcex-module wpex-clr textcenter\"><div class=\"vcex-image-inner wpex-relative wpex-inline-block\"><img decoding=\"async\" width=\"1200\" height=\"501\" src=\"http:\/\/www.betaimages.de\/stiftung\/wp-content\/uploads\/2023\/05\/gastro2-e1487330487194.jpg\" class=\"wpex-align-middle\" alt=\"\" loading=\"lazy\" srcset=\"http:\/\/www.betaimages.de\/stiftung\/wp-content\/uploads\/2023\/05\/gastro2-e1487330487194.jpg 1200w, http:\/\/www.betaimages.de\/stiftung\/wp-content\/uploads\/2023\/05\/gastro2-e1487330487194-300x125.jpg 300w, http:\/\/www.betaimages.de\/stiftung\/wp-content\/uploads\/2023\/05\/gastro2-e1487330487194-1024x428.jpg 1024w, http:\/\/www.betaimages.de\/stiftung\/wp-content\/uploads\/2023\/05\/gastro2-e1487330487194-768x321.jpg 768w\" sizes=\"auto, (max-width: 1200px) 100vw, 1200px\" \/><\/div><\/figure>[\/vc_column][\/vc_row]\n","protected":false},"excerpt":{"rendered":"<p>[vc_row][vc_column][\/vc_column][\/vc_row][vc_row][vc_column][\/vc_column][\/vc_row][vc_row][vc_column width=&#8220;5\/6&#8243; offset=&#8220;vc_col-lg-offset-2 vc_col-lg-8 vc_col-md-offset-1 vc_col-md-10 vc_col-sm-offset-1 vc_col-xs-offset-1&#8243;][vc_column_text css=&#8220;.vc_custom_1684932398312{margin-bottom: 40px !important;}&#8220;]Das Restaurant Gut Neuzenhof liegt in der ehemaligen Tabakscheune des Anwesens und schafft mit den hellen Sandsteinw\u00e4nden, dem Bodenbelag aus franz\u00f6sischem Terrakotta, dem Original-Holzwerk im Dachstuhl und dem beeindruckenden Kronleuchter ein traumhaftes Ambiente. Pluspunkt sind die zwei sonnigen Au\u00dfenterrassen, auf denen man einen wundersch\u00f6nen Ausblick&hellip;<\/p>\n","protected":false},"author":1,"featured_media":0,"parent":0,"menu_order":0,"comment_status":"closed","ping_status":"closed","template":"","meta":{"footnotes":""},"class_list":["post-793","page","type-page","status-publish","hentry","entry","no-media"],"_links":{"self":[{"href":"http:\/\/www.betaimages.de\/stiftung\/wp-json\/wp\/v2\/pages\/793","targetHints":{"allow":["GET"]}}],"collection":[{"href":"http:\/\/www.betaimages.de\/stiftung\/wp-json\/wp\/v2\/pages"}],"about":[{"href":"http:\/\/www.betaimages.de\/stiftung\/wp-json\/wp\/v2\/types\/page"}],"author":[{"embeddable":true,"href":"http:\/\/www.betaimages.de\/stiftung\/wp-json\/wp\/v2\/users\/1"}],"replies":[{"embeddable":true,"href":"http:\/\/www.betaimages.de\/stiftung\/wp-json\/wp\/v2\/comments?post=793"}],"version-history":[{"count":6,"href":"http:\/\/www.betaimages.de\/stiftung\/wp-json\/wp\/v2\/pages\/793\/revisions"}],"predecessor-version":[{"id":1481,"href":"http:\/\/www.betaimages.de\/stiftung\/wp-json\/wp\/v2\/pages\/793\/revisions\/1481"}],"wp:attachment":[{"href":"http:\/\/www.betaimages.de\/stiftung\/wp-json\/wp\/v2\/media?parent=793"}],"curies":[{"name":"wp","href":"https:\/\/api.w.org\/{rel}","templated":true}]}}