{"id":1296,"date":"2023-06-01T16:45:13","date_gmt":"2023-06-01T14:45:13","guid":{"rendered":"https:\/\/www.betaimages.de\/stiftung\/?page_id=1296"},"modified":"2023-06-27T11:21:44","modified_gmt":"2023-06-27T09:21:44","slug":"uebungsanlage","status":"publish","type":"page","link":"https:\/\/www.betaimages.de\/golfpw\/uebungsanlage\/","title":{"rendered":"\u00dcbungsanlage"},"content":{"rendered":"[vc_row][vc_column]<figure class=\"vcex-image vcex-module wpex-clr textcenter\"><div class=\"vcex-image-inner wpex-relative wpex-inline-block\"><img decoding=\"async\" width=\"1920\" height=\"560\" src=\"https:\/\/www.betaimages.de\/golfpw\/wp-content\/uploads\/2023\/06\/header-range1.jpg\" class=\"wpex-align-middle\" alt=\"\" loading=\"lazy\" srcset=\"https:\/\/www.betaimages.de\/golfpw\/wp-content\/uploads\/2023\/06\/header-range1.jpg 1920w, https:\/\/www.betaimages.de\/golfpw\/wp-content\/uploads\/2023\/06\/header-range1-300x88.jpg 300w, https:\/\/www.betaimages.de\/golfpw\/wp-content\/uploads\/2023\/06\/header-range1-1024x299.jpg 1024w, https:\/\/www.betaimages.de\/golfpw\/wp-content\/uploads\/2023\/06\/header-range1-768x224.jpg 768w, https:\/\/www.betaimages.de\/golfpw\/wp-content\/uploads\/2023\/06\/header-range1-1536x448.jpg 1536w\" sizes=\"auto, (max-width: 1920px) 100vw, 1920px\" \/><\/div><\/figure>[\/vc_column][vc_column width=&#8220;5\/6&#8243; offset=&#8220;vc_col-lg-offset-2 vc_col-lg-8 vc_col-xs-offset-1 vc_col-xs-10&#8243;]<div class=\"vcex-heading vcex-module wpex-text-2xl wpex-font-normal wpex-m-auto wpex-max-w-100 vcex-heading-plain wpex-block wpex-text-center vc_custom_1685631281686\"><span class=\"vcex-heading-inner wpex-inline-block wpex-clr\">\u00dcbungsanlagen<\/span><\/div><div class=\"vcex-heading vcex-module wpex-text-2xl wpex-font-normal wpex-m-auto wpex-max-w-100 vcex-heading-plain wpex-block wpex-text-left vc_custom_1685631375230\" style=\"color:#166151;font-size:20px;\"><span class=\"vcex-heading-inner wpex-inline-block wpex-clr\">Driving Range<\/span><\/div>[vc_column_text]Die Driving Range befindet sich in unmittelbarer N\u00e4he des Clubhauses und der Caddiehallen. Sie verf\u00fcgt \u00fcber 2 Pleateaus mit Rasenabschl\u00e4gen und 11 \u00fcberdachten Mattenabschl\u00e4gen.[\/vc_column_text]<div class=\"vcex-heading vcex-module wpex-text-2xl wpex-font-normal wpex-m-auto wpex-max-w-100 vcex-heading-plain wpex-block wpex-text-left vc_custom_1687857652544\" style=\"color:#166151;font-size:20px;\"><span class=\"vcex-heading-inner wpex-inline-block wpex-clr\">6-LOCH-KURZPLATZ<\/span><\/div>[vc_column_text]Der 6-Loch-Kurzplatz ist sowohl bei Einsteigern als auch Fortgeschrittenen sehr beliebt. Der Einsteiger sammelt hier erste Erfahrungen mit dem Golfspiel auf dem Platz, w\u00e4hrend der Fortgeschrittene sein kurzes Spiel und die Ann\u00e4herungen mit Sand- und Pitching-Wedge perfektionieren kann.<\/p>\n<p>Das Besondere: Die sechs abwechslungsreichen Bahnen k\u00f6nnen auch ohne Platzreife bespielt werden.<\/p>\n<p>Neben der Driving Range und dem 6-Loch-Kurzplatz komplettieren Chipping- und Pitchinggr\u00fcns, \u00dcbungsbunker sowie Puttinggr\u00fcns die optimalen Trainingsbedingungen.[\/vc_column_text][\/vc_column][\/vc_row]\n","protected":false},"excerpt":{"rendered":"<p>[vc_row][vc_column][\/vc_column][vc_column width=&#8220;5\/6&#8243; offset=&#8220;vc_col-lg-offset-2 vc_col-lg-8 vc_col-xs-offset-1 vc_col-xs-10&#8243;][vc_column_text]Die Driving Range befindet sich in unmittelbarer N\u00e4he des Clubhauses und der Caddiehallen. Sie verf\u00fcgt \u00fcber 2 Pleateaus mit Rasenabschl\u00e4gen und 11 \u00fcberdachten Mattenabschl\u00e4gen.[\/vc_column_text][vc_column_text]Der 6-Loch-Kurzplatz ist sowohl bei Einsteigern als auch Fortgeschrittenen sehr beliebt. Der Einsteiger sammelt hier erste Erfahrungen mit dem Golfspiel auf dem Platz, w\u00e4hrend der Fortgeschrittene sein&hellip;<\/p>\n","protected":false},"author":1,"featured_media":0,"parent":0,"menu_order":0,"comment_status":"closed","ping_status":"closed","template":"","meta":{"footnotes":""},"class_list":["post-1296","page","type-page","status-publish","hentry","entry","no-media"],"_links":{"self":[{"href":"https:\/\/www.betaimages.de\/golfpw\/wp-json\/wp\/v2\/pages\/1296","targetHints":{"allow":["GET"]}}],"collection":[{"href":"https:\/\/www.betaimages.de\/golfpw\/wp-json\/wp\/v2\/pages"}],"about":[{"href":"https:\/\/www.betaimages.de\/golfpw\/wp-json\/wp\/v2\/types\/page"}],"author":[{"embeddable":true,"href":"https:\/\/www.betaimages.de\/golfpw\/wp-json\/wp\/v2\/users\/1"}],"replies":[{"embeddable":true,"href":"https:\/\/www.betaimages.de\/golfpw\/wp-json\/wp\/v2\/comments?post=1296"}],"version-history":[{"count":7,"href":"https:\/\/www.betaimages.de\/golfpw\/wp-json\/wp\/v2\/pages\/1296\/revisions"}],"predecessor-version":[{"id":1890,"href":"https:\/\/www.betaimages.de\/golfpw\/wp-json\/wp\/v2\/pages\/1296\/revisions\/1890"}],"wp:attachment":[{"href":"https:\/\/www.betaimages.de\/golfpw\/wp-json\/wp\/v2\/media?parent=1296"}],"curies":[{"name":"wp","href":"https:\/\/api.w.org\/{rel}","templated":true}]}}