{"id":1969,"date":"2023-06-28T15:20:13","date_gmt":"2023-06-28T13:20:13","guid":{"rendered":"http:\/\/www.betaimages.de\/golfpw\/?page_id=1969"},"modified":"2023-06-28T15:53:26","modified_gmt":"2023-06-28T13:53:26","slug":"impressum","status":"publish","type":"page","link":"https:\/\/www.betaimages.de\/golfpw\/impressum\/","title":{"rendered":"Impressum"},"content":{"rendered":"[vc_row][vc_column]<div class=\"vcex-heading vcex-module wpex-text-2xl wpex-font-normal wpex-m-auto wpex-max-w-100 vcex-heading-plain wpex-block wpex-text-center vc_custom_1687958469805\"><span class=\"vcex-heading-inner wpex-inline-block wpex-clr\">Impressum<\/span><\/div>[\/vc_column][\/vc_row][vc_row][vc_column][vc_column_text text_align=&#8220;center&#8220; css=&#8220;.vc_custom_1687960321484{margin-right: 15% !important;margin-left: 15% !important;}&#8220;]\n<div id=\"pg-146-2\" class=\"panel-grid panel-no-style\">\n<div id=\"pgc-146-2-0\" class=\"panel-grid-cell\">\n<div id=\"panel-146-2-0-0\" class=\"so-panel widget widget_sow-editor panel-first-child panel-last-child\" data-index=\"2\">\n<div class=\"container panel-widget-style panel-widget-style-for-146-2-0-0\">\n<div class=\"so-widget-sow-editor so-widget-sow-editor-base\">\n<div class=\"siteorigin-widget-tinymce textwidget\">\n<p>Golfplatz Pf\u00e4lzerwald GmbH<br \/>\nAuf dem Aspen 60<br \/>\n67714 Waldfischbach-Burgalben<\/p>\n<p>vertreten durch deren pers\u00f6nlich haftende Gesellschafterin<br \/>\nGutperle GmbH, diese vertreten durch die Gesch\u00e4ftsf\u00fchrer<\/p>\n<p>Werner F. Gutperle<br \/>\nRen\u00e9 Gutperle<br \/>\nSteven A. Pinter<\/p>\n<p>Kontakt:<br \/>\nTel.: +49(0)6333 279603<br \/>\nE-Mail: info(at)golfplatz-pfaelzerwald.de<\/p>\n<p>Amtsgericht Darmstadt HRB 89344<br \/>\nUSt-ID: DE272962538<\/p>\n<p>&nbsp;<\/p>\n<p><strong>Verantwortlich f\u00fcr den Inhalt:<br \/>\n<\/strong>Golfplatz Pf\u00e4lzerwald GmbH<br \/>\nAuf dem Aspen 60<br \/>\n67714 Waldfischbach-Burgalben<\/p>\n<p><strong>Konzeption und Design:<br \/>\n<\/strong>L&amp;I IT-solutions GmbH &amp; Co.KG Development<br \/>\nD\u00fcrrestra\u00dfe 15<br \/>\n69469 Weinheim<br \/>\nE-Mail: kai.bieler@law-ict.de<br \/>\nWebsite: <a href=\"www.law-ict.de\" target=\"_blank\" rel=\"noopener\">www.law-ict.de<\/a><\/p>\n<p><strong>Programmierung und Umsetzung:<\/strong><br \/>\nL&amp;I IT-solutions GmbH &amp; Co.KG Development<br \/>\nD\u00fcrrestra\u00dfe 15<br \/>\n69469 Weinheim<br \/>\nE-Mail: kai.bieler@law-ict.de<br \/>\nWebsite: <a href=\"http:\/\/www.law-ict.de\" target=\"_blank\" rel=\"noopener\">www.law-ict.de<\/a><\/p>\n<p><strong>Fotos:<br \/>\n<\/strong>Alexander Seeboth (Seeboth Photography)<br \/>\nHanns-Christoph Zebe (zebe pr)<\/p>\n<p><strong><br \/>\nHosting:<br \/>\n<\/strong>net-solution GmbH<br \/>\nBeindstra\u00dfe 12<br \/>\n68542 Heddesheim<br \/>\nTel.: 06203 49 49 49<br \/>\nFax: 06203 49 49 18<br \/>\nE-Mail: info@net-solution.net<br \/>\n<a href=\"http:\/\/net-solution.net\/\" target=\"_blank\" rel=\"noopener noreferrer\">www.net-solution.net<\/a><\/p>\n<p>&nbsp;<\/p>\n<p><strong>Haftung f\u00fcr Inhalte<br \/>\n<\/strong>Die Inhalte unserer Seiten wurden mit gr\u00f6\u00dfter Sorgfalt erstellt. F\u00fcr die Richtigkeit, Vollst\u00e4ndigkeit und Aktualit\u00e4t der Inhalte k\u00f6nnen wir jedoch keine Gew\u00e4hr \u00fcbernehmen. Als Diensteanbieter sind wir gem\u00e4\u00df \u00a7 7 Abs.1 TMG f\u00fcr eigene Inhalte auf diesen Seiten nach den allgemeinen Gesetzen verantwortlich. Nach \u00a7\u00a7 8 bis 10 TMG sind wir als Diensteanbieter jedoch nicht verpflichtet, \u00fcbermittelte oder gespeicherte fremde Informationen zu \u00fcberwachen oder nach Umst\u00e4nden zu forschen, die auf eine rechtswidrige T\u00e4tigkeit hinweisen.<\/p>\n<p>Verpflichtungen zur Entfernung oder Sperrung der Nutzung von Informationen nach den allgemeinen Gesetzen bleiben hiervon unber\u00fchrt. Eine diesbez\u00fcgliche Haftung ist jedoch erst ab dem Zeitpunkt der Kenntnis einer konkreten Rechtsverletzung m\u00f6glich. Bei Bekanntwerden von entsprechenden Rechtsverletzungen werden wir diese Inhalte umgehend entfernen.<\/p>\n<p>&nbsp;<\/p>\n<p><strong>Haftung f\u00fcr Links<br \/>\n<\/strong>Unser Angebot enth\u00e4lt Links zu externen Webseiten Dritter, auf deren Inhalte wir keinen Einfluss haben. Deshalb k\u00f6nnen wir f\u00fcr diese fremden Inhalte auch keine Gew\u00e4hr \u00fcbernehmen. F\u00fcr die Inhalte der verlinkten Seiten ist stets der jeweilige Anbieter oder Betreiber der Seiten verantwortlich. Die verlinkten Seiten wurden zum Zeitpunkt der Verlinkung auf m\u00f6gliche Rechtsverst\u00f6\u00dfe \u00fcberpr\u00fcft. Rechtswidrige Inhalte waren zum Zeitpunkt der Verlinkung nicht erkennbar.<\/p>\n<p>Eine permanente inhaltliche Kontrolle der verlinkten Seiten ist jedoch ohne konkrete Anhaltspunkte einer Rechtsverletzung nicht zumutbar. Bei Bekanntwerden von Rechtsverletzungen werden wir derartige Links umgehend entfernen.<\/p>\n<p>&nbsp;<\/p>\n<p><strong>Urheberrecht<br \/>\n<\/strong>Die durch die Seitenbetreiber erstellten Inhalte und Werke auf diesen Seiten unterliegen dem deutschen Urheberrecht. Die Vervielf\u00e4ltigung, Bearbeitung, Verbreitung und jede Art der Verwertung au\u00dferhalb der Grenzen des Urheberrechtes bed\u00fcrfen der schriftlichen Zustimmung des jeweiligen Autors bzw. Erstellers. Downloads und Kopien dieser Seite sind nur f\u00fcr den privaten, nicht kommerziellen Gebrauch gestattet.<\/p>\n<p>Soweit die Inhalte auf dieser Seite nicht vom Betreiber erstellt wurden, werden die Urheberrechte Dritter beachtet. Insbesondere werden Inhalte Dritter als solche gekennzeichnet. Sollten Sie trotzdem auf eine Urheberrechtsverletzung aufmerksam werden, bitten wir um einen entsprechenden Hinweis. Bei Bekanntwerden von Rechtsverletzungen werden wir derartige Inhalte umgehend entfernen.<\/p>\n<p>&nbsp;<\/p>\n<p><strong>Recht am eigenen Bild<\/strong><br \/>\nWenn bei Veranstaltungen (Turniere auf dem Golfplatz Pf\u00e4lzerwald und sonstige Veranstaltungen) von den Teilnehmern und Personen, die sich \u00fcberdies auf dieser Veranstaltung befinden und sich in einer Menge mit anderen Personen zusammen befinden, Bilder gemacht werden, ist bei der Ver\u00f6ffentlichung dieser auf der Webseite ein Versto\u00df gegen das Pers\u00f6nlichkeitsrecht nicht gegeben. Das bedeutet, es sind keine Einw\u00e4nde zu erheben, weil dem Recht auf Bildschutz das Recht der \u00d6ffentlichkeit auf Berichterstattung entgegenwirkt. Das gilt auch in F\u00e4llen, in denen Fotografien von Personen lediglich als Beiwerk zu Landschaftsaufnahmen aufgenommen werden.<\/p>\n<\/div>\n<\/div>\n<\/div>\n<\/div>\n<\/div>\n<\/div>\n[\/vc_column_text][\/vc_column][\/vc_row]\n","protected":false},"excerpt":{"rendered":"<p>[vc_row][vc_column][\/vc_column][\/vc_row][vc_row][vc_column][vc_column_text text_align=&#8220;center&#8220; css=&#8220;.vc_custom_1687960321484{margin-right: 15% !important;margin-left: 15% !important;}&#8220;] Golfplatz Pf\u00e4lzerwald GmbH Auf dem Aspen 60 67714 Waldfischbach-Burgalben vertreten durch deren pers\u00f6nlich haftende Gesellschafterin Gutperle GmbH, diese vertreten durch die Gesch\u00e4ftsf\u00fchrer Werner F. Gutperle Ren\u00e9 Gutperle Steven A. Pinter Kontakt: Tel.: +49(0)6333 279603 E-Mail: info(at)golfplatz-pfaelzerwald.de Amtsgericht Darmstadt HRB 89344 USt-ID: DE272962538 &nbsp; Verantwortlich f\u00fcr den Inhalt: Golfplatz&hellip;<\/p>\n","protected":false},"author":2,"featured_media":0,"parent":0,"menu_order":0,"comment_status":"closed","ping_status":"closed","template":"","meta":{"footnotes":""},"class_list":["post-1969","page","type-page","status-publish","hentry","entry","no-media"],"_links":{"self":[{"href":"https:\/\/www.betaimages.de\/golfpw\/wp-json\/wp\/v2\/pages\/1969","targetHints":{"allow":["GET"]}}],"collection":[{"href":"https:\/\/www.betaimages.de\/golfpw\/wp-json\/wp\/v2\/pages"}],"about":[{"href":"https:\/\/www.betaimages.de\/golfpw\/wp-json\/wp\/v2\/types\/page"}],"author":[{"embeddable":true,"href":"https:\/\/www.betaimages.de\/golfpw\/wp-json\/wp\/v2\/users\/2"}],"replies":[{"embeddable":true,"href":"https:\/\/www.betaimages.de\/golfpw\/wp-json\/wp\/v2\/comments?post=1969"}],"version-history":[{"count":4,"href":"https:\/\/www.betaimages.de\/golfpw\/wp-json\/wp\/v2\/pages\/1969\/revisions"}],"predecessor-version":[{"id":1974,"href":"https:\/\/www.betaimages.de\/golfpw\/wp-json\/wp\/v2\/pages\/1969\/revisions\/1974"}],"wp:attachment":[{"href":"https:\/\/www.betaimages.de\/golfpw\/wp-json\/wp\/v2\/media?parent=1969"}],"curies":[{"name":"wp","href":"https:\/\/api.w.org\/{rel}","templated":true}]}}